{"id":18,"date":"2015-08-04T19:42:30","date_gmt":"2015-08-04T16:42:30","guid":{"rendered":"http:\/\/avecan.fi\/?page_id=18"},"modified":"2016-04-19T13:13:37","modified_gmt":"2016-04-19T10:13:37","slug":"etusivu","status":"publish","type":"page","link":"http:\/\/avecan.fi\/wp\/","title":{"rendered":"ETUSIVU"},"content":{"rendered":"<p>Tervetuloa Avecanin kotisivuille!<\/p>\n<p>Tarjoamme\u00a0Kalevi Hampisen laatimia oppikirjoja musiikin opiskelijoille ja opettajille. L\u00f6yd\u00e4t lis\u00e4tietoja valikoimastamme <a href=\"http:\/\/avecan.fi\/wp\/?page_id=20\">Tuotteet<\/a>-sivulta.<\/p>\n<p>Mik\u00e4li Sinulla on kysytt\u00e4v\u00e4\u00e4, l\u00f6yd\u00e4t yhteystietomme <a href=\"http:\/\/avecan.fi\/wp\/?page_id=24\">Ota yhteytt\u00e4 <\/a>-sivulta.<\/p>\n<p>Yst\u00e4v\u00e4llisin terveisin,<\/p>\n<p>Erkki Kivinen<br \/>\nKustantaja<br \/>\nTmi Avecan<\/p>\n","protected":false},"excerpt":{"rendered":"<p>Tervetuloa Avecanin kotisivuille! Tarjoamme\u00a0Kalevi Hampisen laatimia oppikirjoja musiikin opiskelijoille ja opettajille. L\u00f6yd\u00e4t lis\u00e4tietoja valikoimastamme Tuotteet-sivulta. Mik\u00e4li Sinulla on kysytt\u00e4v\u00e4\u00e4, l\u00f6yd\u00e4t yhteystietomme Ota yhteytt\u00e4 -sivulta. Yst\u00e4v\u00e4llisin terveisin, Erkki Kivinen Kustantaja Tmi Avecan<\/p>\n<p> <a class=\"continue-reading-link\" href=\"http:\/\/avecan.fi\/wp\/\"><span>Continue reading<\/span><i class=\"crycon-right-dir\"><\/i><\/a> <\/p>\n","protected":false},"author":1,"featured_media":0,"parent":0,"menu_order":0,"comment_status":"closed","ping_status":"open","template":"","meta":[],"yoast_head":"<!-- This site is optimized with the Yoast SEO plugin v15.7 - https:\/\/yoast.com\/wordpress\/plugins\/seo\/ -->\n<title>Avecan Kalevi Hampinen musiikki oppikirja<\/title>\n<meta name=\"description\" content=\"Avecan Kalevi Hampinen oppikirja oppikirjat musiikki musiikin musiikkiala musiikkialan musiikinopiskelija musiikinopiskelijan\" \/>\n<meta name=\"robots\" content=\"index, follow, max-snippet:-1, max-image-preview:large, max-video-preview:-1\" \/>\n<link rel=\"canonical\" href=\"http:\/\/avecan.fi\/wp\/\" \/>\n<meta property=\"og:locale\" content=\"fi_FI\" \/>\n<meta property=\"og:type\" content=\"article\" \/>\n<meta property=\"og:title\" content=\"Avecan Kalevi Hampinen musiikki oppikirja\" \/>\n<meta property=\"og:description\" content=\"Avecan Kalevi Hampinen oppikirja oppikirjat musiikki musiikin musiikkiala musiikkialan musiikinopiskelija musiikinopiskelijan\" \/>\n<meta property=\"og:url\" content=\"http:\/\/avecan.fi\/wp\/\" \/>\n<meta property=\"og:site_name\" content=\"Avecan\" \/>\n<meta property=\"article:modified_time\" content=\"2016-04-19T10:13:37+00:00\" \/>\n<meta name=\"twitter:card\" content=\"summary\" \/>\n<script type=\"application\/ld+json\" class=\"yoast-schema-graph\">{\"@context\":\"https:\/\/schema.org\",\"@graph\":[{\"@type\":\"WebSite\",\"@id\":\"http:\/\/avecan.fi\/wp\/#website\",\"url\":\"http:\/\/avecan.fi\/wp\/\",\"name\":\"Avecan\",\"description\":\"Kirjoja musiikin opiskelijoille\",\"potentialAction\":[{\"@type\":\"SearchAction\",\"target\":\"http:\/\/avecan.fi\/wp\/?s={search_term_string}\",\"query-input\":\"required name=search_term_string\"}],\"inLanguage\":\"fi\"},{\"@type\":\"WebPage\",\"@id\":\"http:\/\/avecan.fi\/wp\/#webpage\",\"url\":\"http:\/\/avecan.fi\/wp\/\",\"name\":\"Avecan Kalevi Hampinen musiikki oppikirja\",\"isPartOf\":{\"@id\":\"http:\/\/avecan.fi\/wp\/#website\"},\"datePublished\":\"2015-08-04T16:42:30+00:00\",\"dateModified\":\"2016-04-19T10:13:37+00:00\",\"description\":\"Avecan Kalevi Hampinen oppikirja oppikirjat musiikki musiikin musiikkiala musiikkialan musiikinopiskelija musiikinopiskelijan\",\"inLanguage\":\"fi\",\"potentialAction\":[{\"@type\":\"ReadAction\",\"target\":[\"http:\/\/avecan.fi\/wp\/\"]}]}]}<\/script>\n<!-- \/ Yoast SEO plugin. -->","_links":{"self":[{"href":"http:\/\/avecan.fi\/wp\/index.php?rest_route=\/wp\/v2\/pages\/18"}],"collection":[{"href":"http:\/\/avecan.fi\/wp\/index.php?rest_route=\/wp\/v2\/pages"}],"about":[{"href":"http:\/\/avecan.fi\/wp\/index.php?rest_route=\/wp\/v2\/types\/page"}],"author":[{"embeddable":true,"href":"http:\/\/avecan.fi\/wp\/index.php?rest_route=\/wp\/v2\/users\/1"}],"replies":[{"embeddable":true,"href":"http:\/\/avecan.fi\/wp\/index.php?rest_route=%2Fwp%2Fv2%2Fcomments&post=18"}],"version-history":[{"count":9,"href":"http:\/\/avecan.fi\/wp\/index.php?rest_route=\/wp\/v2\/pages\/18\/revisions"}],"predecessor-version":[{"id":161,"href":"http:\/\/avecan.fi\/wp\/index.php?rest_route=\/wp\/v2\/pages\/18\/revisions\/161"}],"wp:attachment":[{"href":"http:\/\/avecan.fi\/wp\/index.php?rest_route=%2Fwp%2Fv2%2Fmedia&parent=18"}],"curies":[{"name":"wp","href":"https:\/\/api.w.org\/{rel}","templated":true}]}}