{"id":20,"date":"2015-08-04T19:43:20","date_gmt":"2015-08-04T16:43:20","guid":{"rendered":"http:\/\/avecan.fi\/?page_id=20"},"modified":"2017-09-13T13:18:58","modified_gmt":"2017-09-13T10:18:58","slug":"tuotteet","status":"publish","type":"page","link":"http:\/\/avecan.fi\/wp\/?page_id=20","title":{"rendered":"TUOTTEET"},"content":{"rendered":"<p>Musiikkia Laulaen ja Kirjoittaen 1-3 kirjasarja sis\u00e4lt\u00e4\u00e4 Suomen Musiikkioppilaitosten Liiton musiikin perusteet mukaisen oppisis\u00e4ll\u00f6n.<\/p>\n<p>Kirjat on jaettu eri tasoihin opetusmateriaalin hallitsemisen helpottamiseksi.<\/p>\n<p>Harjoitukset jakaantuvat teoksissa kolmeen eri osastoon:<br \/>\nMusiikin Teoria-, S\u00e4veltapailu- ja Rytmiosastoon + ohjelmistoon.<\/p>\n<p>Teoriaosastoja on t\u00e4ydennetty lis\u00e4\u00e4m\u00e4ll\u00e4 &#8221;Musiikinteorian sovelluksia el\u00e4v\u00e4\u00e4n musiikkiin&#8221; sivuja.<\/p>\n<p>S\u00e4veltapailuharjoituksissa on valittu kuhunkin lukuun esimerkkilaulu, johon harjoitukset perustuvat. Kirjojen tarkoitus on el\u00e4v\u00e4st\u00e4 musiikista poimittujen\u00a0melodioiden avulla kehitt\u00e4\u00e4 s\u00e4velkorvaa: niinp\u00e4 lauluihin on lis\u00e4tty sointumerkit s\u00e4estyst\u00e4 varten. Pelk\u00e4t melodiat toimivat my\u00f6s soittoharjoituksina.<\/p>\n<p>Kaikki ko. tekij\u00e4n \u00a0kirjat ovat kierrekantisia ja siten\u00a0k\u00e4yt\u00f6ss\u00e4 hyvin toimivia.<\/p>\n<p>Kirjaa on my\u00f6s saatavana nidottuna, pehme\u00e4kantisina.<\/p>\n<p>Avecan tarjoaa seuraavat Kalevi Hampisen musiikkioppikirjat hankittavaksi:<\/p>\n<p>&nbsp;<\/p>\n<p><a href=\"http:\/\/avecan.fi\/wp\/?page_id=78\"><img loading=\"lazy\" class=\" wp-image-105 alignleft\" src=\"http:\/\/avecan.fi\/wp\/wp-content\/uploads\/2015\/08\/Kirja-1-Etukansi-212x300.jpg\" alt=\"Kirja 1 Etukansi\" width=\"124\" height=\"175\" srcset=\"http:\/\/avecan.fi\/wp\/wp-content\/uploads\/2015\/08\/Kirja-1-Etukansi-212x300.jpg 212w, http:\/\/avecan.fi\/wp\/wp-content\/uploads\/2015\/08\/Kirja-1-Etukansi-723x1024.jpg 723w, http:\/\/avecan.fi\/wp\/wp-content\/uploads\/2015\/08\/Kirja-1-Etukansi-106x150.jpg 106w\" sizes=\"(max-width: 124px) 100vw, 124px\" \/><\/a>KIRJA 1<\/p>\n<p><a href=\"http:\/\/avecan.fi\/wp\/?page_id=78\">Kalevi Hampinen &#8211; Musiikkia laulaen ja kirjoittaen 1<\/a><\/p>\n<p>ISBN 9789527138007<\/p>\n<p>&nbsp;<\/p>\n<p>&nbsp;<\/p>\n<p><a href=\"http:\/\/avecan.fi\/wp\/?page_id=80\"><img loading=\"lazy\" class=\" wp-image-106 alignleft\" src=\"http:\/\/avecan.fi\/wp\/wp-content\/uploads\/2015\/08\/Kirja-2-Etukansi-216x300.jpg\" alt=\"Kirja 2 Etukansi\" width=\"124\" height=\"172\" srcset=\"http:\/\/avecan.fi\/wp\/wp-content\/uploads\/2015\/08\/Kirja-2-Etukansi-216x300.jpg 216w, http:\/\/avecan.fi\/wp\/wp-content\/uploads\/2015\/08\/Kirja-2-Etukansi-738x1024.jpg 738w, http:\/\/avecan.fi\/wp\/wp-content\/uploads\/2015\/08\/Kirja-2-Etukansi-108x150.jpg 108w\" sizes=\"(max-width: 124px) 100vw, 124px\" \/><\/a>KIRJA 2<\/p>\n<p><a href=\"http:\/\/avecan.fi\/wp\/?page_id=80\">Kalevi Hampinen &#8211; Musiikkia laulaen ja kirjoittaen 2<\/a><\/p>\n<p>ISBN 9789527138106<\/p>\n<p>&nbsp;<\/p>\n<p>&nbsp;<\/p>\n<p><a href=\"http:\/\/avecan.fi\/wp\/?page_id=82\"><img loading=\"lazy\" class=\" wp-image-101 alignleft\" src=\"http:\/\/avecan.fi\/wp\/wp-content\/uploads\/2015\/08\/Kirja-3-Etukansi-212x300.jpg\" alt=\"Kirja 3 Etukansi\" width=\"125\" height=\"177\" srcset=\"http:\/\/avecan.fi\/wp\/wp-content\/uploads\/2015\/08\/Kirja-3-Etukansi-212x300.jpg 212w, http:\/\/avecan.fi\/wp\/wp-content\/uploads\/2015\/08\/Kirja-3-Etukansi-725x1024.jpg 725w, http:\/\/avecan.fi\/wp\/wp-content\/uploads\/2015\/08\/Kirja-3-Etukansi-106x150.jpg 106w\" sizes=\"(max-width: 125px) 100vw, 125px\" \/><\/a>KIRJA 3<\/p>\n<p><a href=\"http:\/\/avecan.fi\/wp\/?page_id=82\">Kalevi Hampinen &#8211; Musiikkia laulaen ja kirjoittaen 3<\/a><\/p>\n<p>ISBN 9789527138205<\/p>\n<p>&nbsp;<\/p>\n<p>&nbsp;<\/p>\n<p><a href=\"http:\/\/avecan.fi\/wp\/?page_id=84\"><img loading=\"lazy\" class=\" wp-image-102 alignleft\" src=\"http:\/\/avecan.fi\/wp\/wp-content\/uploads\/2015\/08\/Kirja-4-Etukansi-212x300.jpg\" alt=\"Kirja 4 Etukansi\" width=\"125\" height=\"177\" srcset=\"http:\/\/avecan.fi\/wp\/wp-content\/uploads\/2015\/08\/Kirja-4-Etukansi-212x300.jpg 212w, http:\/\/avecan.fi\/wp\/wp-content\/uploads\/2015\/08\/Kirja-4-Etukansi-725x1024.jpg 725w, http:\/\/avecan.fi\/wp\/wp-content\/uploads\/2015\/08\/Kirja-4-Etukansi-106x150.jpg 106w\" sizes=\"(max-width: 125px) 100vw, 125px\" \/><\/a>KIRJA 4<\/p>\n<p><a href=\"http:\/\/avecan.fi\/wp\/?page_id=84\">Kalevi Hampinen &#8211; Musiikkia laulaen ja kirjoittaen 4 &#8211; S\u00e4veltapailu I<\/a><\/p>\n<p>ISBN 9789526780849<\/p>\n<p>&nbsp;<\/p>\n<p>&nbsp;<\/p>\n<p><a href=\"http:\/\/avecan.fi\/wp\/?page_id=86\"><img loading=\"lazy\" class=\" wp-image-103 alignleft\" src=\"http:\/\/avecan.fi\/wp\/wp-content\/uploads\/2015\/08\/Kirja-5-Etukansi-212x300.jpg\" alt=\"Kirja 5 Etukansi\" width=\"124\" height=\"175\" srcset=\"http:\/\/avecan.fi\/wp\/wp-content\/uploads\/2015\/08\/Kirja-5-Etukansi-212x300.jpg 212w, http:\/\/avecan.fi\/wp\/wp-content\/uploads\/2015\/08\/Kirja-5-Etukansi-725x1024.jpg 725w, http:\/\/avecan.fi\/wp\/wp-content\/uploads\/2015\/08\/Kirja-5-Etukansi-106x150.jpg 106w\" sizes=\"(max-width: 124px) 100vw, 124px\" \/><\/a>KIRJA 5<\/p>\n<p><a href=\"http:\/\/avecan.fi\/wp\/?page_id=86\">Kalevi Hampinen &#8211; Musiikkia vapaasti kitaralla<\/a><\/p>\n<p>ISBN 9789526780832<\/p>\n<p>&nbsp;<\/p>\n<p>&nbsp;<\/p>\n<p><a href=\"http:\/\/avecan.fi\/wp\/?page_id=88\"><img loading=\"lazy\" class=\" wp-image-104 alignleft\" src=\"http:\/\/avecan.fi\/wp\/wp-content\/uploads\/2015\/08\/Kirja-6-Etukansi-212x300.jpg\" alt=\"Kirja 6 Etukansi\" width=\"124\" height=\"175\" srcset=\"http:\/\/avecan.fi\/wp\/wp-content\/uploads\/2015\/08\/Kirja-6-Etukansi-212x300.jpg 212w, http:\/\/avecan.fi\/wp\/wp-content\/uploads\/2015\/08\/Kirja-6-Etukansi-725x1024.jpg 725w, http:\/\/avecan.fi\/wp\/wp-content\/uploads\/2015\/08\/Kirja-6-Etukansi-106x150.jpg 106w\" sizes=\"(max-width: 124px) 100vw, 124px\" \/><\/a>KIRJA 6<\/p>\n<p><a href=\"http:\/\/avecan.fi\/wp\/?page_id=88\">Kalevi Hampinen &#8211; Tie musiikin teoriaan el\u00e4vin esimerkein<\/a><\/p>\n<p>ISBN 9789527138601<\/p>\n<p>&nbsp;<\/p>\n<p>&nbsp;<\/p>\n<p><a href=\"http:\/\/avecan.fi\/wp\/?page_id=90\"><img loading=\"lazy\" class=\" wp-image-122 alignleft\" src=\"http:\/\/avecan.fi\/wp\/wp-content\/uploads\/2015\/08\/Kirja-7-Etukansi-300x214.jpg\" alt=\"Kirja 7 Etukansi\" width=\"125\" height=\"89\" srcset=\"http:\/\/avecan.fi\/wp\/wp-content\/uploads\/2015\/08\/Kirja-7-Etukansi-300x214.jpg 300w, http:\/\/avecan.fi\/wp\/wp-content\/uploads\/2015\/08\/Kirja-7-Etukansi-1024x730.jpg 1024w, http:\/\/avecan.fi\/wp\/wp-content\/uploads\/2015\/08\/Kirja-7-Etukansi-210x150.jpg 210w, http:\/\/avecan.fi\/wp\/wp-content\/uploads\/2015\/08\/Kirja-7-Etukansi-150x107.jpg 150w\" sizes=\"(max-width: 125px) 100vw, 125px\" \/><\/a><span style=\"color: #ff0000;\">UUTUUS!<\/span> KIRJA 7<\/p>\n<p><a href=\"http:\/\/avecan.fi\/wp\/?page_id=90\">Kalevi Hampinen &#8211; Musiikin perusteita pianoa soittaen<\/a><\/p>\n<p>ISBN 9789527138700<\/p>\n","protected":false},"excerpt":{"rendered":"<p>Musiikkia Laulaen ja Kirjoittaen 1-3 kirjasarja sis\u00e4lt\u00e4\u00e4 Suomen Musiikkioppilaitosten Liiton musiikin perusteet mukaisen oppisis\u00e4ll\u00f6n. Kirjat on jaettu eri tasoihin opetusmateriaalin hallitsemisen helpottamiseksi. Harjoitukset jakaantuvat teoksissa kolmeen eri osastoon: Musiikin Teoria-, S\u00e4veltapailu- ja Rytmiosastoon + ohjelmistoon. Teoriaosastoja on t\u00e4ydennetty lis\u00e4\u00e4m\u00e4ll\u00e4 &#8221;Musiikinteorian sovelluksia el\u00e4v\u00e4\u00e4n musiikkiin&#8221; sivuja. S\u00e4veltapailuharjoituksissa on valittu kuhunkin lukuun esimerkkilaulu,\u2026<\/p>\n<p> <a class=\"continue-reading-link\" href=\"http:\/\/avecan.fi\/wp\/?page_id=20\"><span>Continue reading<\/span><i class=\"crycon-right-dir\"><\/i><\/a> <\/p>\n","protected":false},"author":1,"featured_media":0,"parent":0,"menu_order":0,"comment_status":"closed","ping_status":"open","template":"","meta":[],"yoast_head":"<!-- This site is optimized with the Yoast SEO plugin v15.7 - https:\/\/yoast.com\/wordpress\/plugins\/seo\/ -->\n<title>TUOTTEET - Avecan<\/title>\n<meta name=\"robots\" content=\"index, follow, max-snippet:-1, max-image-preview:large, max-video-preview:-1\" \/>\n<link rel=\"canonical\" href=\"http:\/\/avecan.fi\/wp\/?page_id=20\" \/>\n<meta property=\"og:locale\" content=\"fi_FI\" \/>\n<meta property=\"og:type\" content=\"article\" \/>\n<meta property=\"og:title\" content=\"TUOTTEET - Avecan\" \/>\n<meta property=\"og:description\" content=\"Musiikkia Laulaen ja Kirjoittaen 1-3 kirjasarja sis\u00e4lt\u00e4\u00e4 Suomen Musiikkioppilaitosten Liiton musiikin perusteet mukaisen oppisis\u00e4ll\u00f6n. Kirjat on jaettu eri tasoihin opetusmateriaalin hallitsemisen helpottamiseksi. Harjoitukset jakaantuvat teoksissa kolmeen eri osastoon: Musiikin Teoria-, S\u00e4veltapailu- ja Rytmiosastoon + ohjelmistoon. Teoriaosastoja on t\u00e4ydennetty lis\u00e4\u00e4m\u00e4ll\u00e4 &#8221;Musiikinteorian sovelluksia el\u00e4v\u00e4\u00e4n musiikkiin&#8221; sivuja. S\u00e4veltapailuharjoituksissa on valittu kuhunkin lukuun esimerkkilaulu,\u2026 Continue reading\" \/>\n<meta property=\"og:url\" content=\"http:\/\/avecan.fi\/wp\/?page_id=20\" \/>\n<meta property=\"og:site_name\" content=\"Avecan\" \/>\n<meta property=\"article:modified_time\" content=\"2017-09-13T10:18:58+00:00\" \/>\n<meta property=\"og:image\" content=\"http:\/\/avecan.fi\/wp\/wp-content\/uploads\/2015\/08\/Kirja-1-Etukansi-212x300.jpg\" \/>\n<meta name=\"twitter:card\" content=\"summary\" \/>\n<meta name=\"twitter:label1\" content=\"Est. reading time\">\n\t<meta name=\"twitter:data1\" content=\"1 minuutti\">\n<script type=\"application\/ld+json\" class=\"yoast-schema-graph\">{\"@context\":\"https:\/\/schema.org\",\"@graph\":[{\"@type\":\"WebSite\",\"@id\":\"http:\/\/avecan.fi\/wp\/#website\",\"url\":\"http:\/\/avecan.fi\/wp\/\",\"name\":\"Avecan\",\"description\":\"Kirjoja musiikin opiskelijoille\",\"potentialAction\":[{\"@type\":\"SearchAction\",\"target\":\"http:\/\/avecan.fi\/wp\/?s={search_term_string}\",\"query-input\":\"required name=search_term_string\"}],\"inLanguage\":\"fi\"},{\"@type\":\"ImageObject\",\"@id\":\"http:\/\/avecan.fi\/wp\/?page_id=20#primaryimage\",\"inLanguage\":\"fi\",\"url\":\"http:\/\/avecan.fi\/wp\/wp-content\/uploads\/2015\/08\/Kirja-1-Etukansi.jpg\",\"width\":2464,\"height\":3488},{\"@type\":\"WebPage\",\"@id\":\"http:\/\/avecan.fi\/wp\/?page_id=20#webpage\",\"url\":\"http:\/\/avecan.fi\/wp\/?page_id=20\",\"name\":\"TUOTTEET - Avecan\",\"isPartOf\":{\"@id\":\"http:\/\/avecan.fi\/wp\/#website\"},\"primaryImageOfPage\":{\"@id\":\"http:\/\/avecan.fi\/wp\/?page_id=20#primaryimage\"},\"datePublished\":\"2015-08-04T16:43:20+00:00\",\"dateModified\":\"2017-09-13T10:18:58+00:00\",\"inLanguage\":\"fi\",\"potentialAction\":[{\"@type\":\"ReadAction\",\"target\":[\"http:\/\/avecan.fi\/wp\/?page_id=20\"]}]}]}<\/script>\n<!-- \/ Yoast SEO plugin. -->","_links":{"self":[{"href":"http:\/\/avecan.fi\/wp\/index.php?rest_route=\/wp\/v2\/pages\/20"}],"collection":[{"href":"http:\/\/avecan.fi\/wp\/index.php?rest_route=\/wp\/v2\/pages"}],"about":[{"href":"http:\/\/avecan.fi\/wp\/index.php?rest_route=\/wp\/v2\/types\/page"}],"author":[{"embeddable":true,"href":"http:\/\/avecan.fi\/wp\/index.php?rest_route=\/wp\/v2\/users\/1"}],"replies":[{"embeddable":true,"href":"http:\/\/avecan.fi\/wp\/index.php?rest_route=%2Fwp%2Fv2%2Fcomments&post=20"}],"version-history":[{"count":21,"href":"http:\/\/avecan.fi\/wp\/index.php?rest_route=\/wp\/v2\/pages\/20\/revisions"}],"predecessor-version":[{"id":227,"href":"http:\/\/avecan.fi\/wp\/index.php?rest_route=\/wp\/v2\/pages\/20\/revisions\/227"}],"wp:attachment":[{"href":"http:\/\/avecan.fi\/wp\/index.php?rest_route=%2Fwp%2Fv2%2Fmedia&parent=20"}],"curies":[{"name":"wp","href":"https:\/\/api.w.org\/{rel}","templated":true}]}}