{"id":24,"date":"2015-08-04T19:44:13","date_gmt":"2015-08-04T16:44:13","guid":{"rendered":"http:\/\/avecan.fi\/?page_id=24"},"modified":"2015-08-10T11:59:14","modified_gmt":"2015-08-10T08:59:14","slug":"yhteystiedot","status":"publish","type":"page","link":"http:\/\/avecan.fi\/wp\/?page_id=24","title":{"rendered":"OTA YHTEYTT\u00c4"},"content":{"rendered":"<p>&nbsp;<\/p>\n<p>Postiosoite:<\/p>\n<p>Tmi Avecan<br \/>\nErkki Kivinen<br \/>\nJenseninkatu 27 C 16<br \/>\n33610 Tampere<\/p>\n<p>&nbsp;<\/p>\n<p>S\u00e4hk\u00f6posti:<\/p>\n<p>info (at) avecan.fi<\/p>\n<p>&nbsp;<\/p>\n<p>YHTEYDENOTTOLOMAKE<\/p>\n<div role=\"form\" class=\"wpcf7\" id=\"wpcf7-f67-o1\" lang=\"fi\" dir=\"ltr\">\n<div class=\"screen-reader-response\"><p role=\"status\" aria-live=\"polite\" aria-atomic=\"true\"><\/p> <ul><\/ul><\/div>\n<form action=\"\/wp\/index.php?rest_route=%2Fwp%2Fv2%2Fpages%2F24#wpcf7-f67-o1\" method=\"post\" class=\"wpcf7-form init\" novalidate=\"novalidate\" data-status=\"init\">\n<div style=\"display: none;\">\n<input type=\"hidden\" name=\"_wpcf7\" value=\"67\" \/>\n<input type=\"hidden\" name=\"_wpcf7_version\" value=\"5.3.2\" \/>\n<input type=\"hidden\" name=\"_wpcf7_locale\" value=\"fi\" \/>\n<input type=\"hidden\" name=\"_wpcf7_unit_tag\" value=\"wpcf7-f67-o1\" \/>\n<input type=\"hidden\" name=\"_wpcf7_container_post\" value=\"0\" \/>\n<input type=\"hidden\" name=\"_wpcf7_posted_data_hash\" value=\"\" \/>\n<\/div>\n<p>Nimesi (pakollinen):<br \/>\n    <span class=\"wpcf7-form-control-wrap your-name\"><input type=\"text\" name=\"your-name\" value=\"\" size=\"40\" class=\"wpcf7-form-control wpcf7-text wpcf7-validates-as-required\" aria-required=\"true\" aria-invalid=\"false\" \/><\/span> <\/p>\n<p>S\u00e4hk\u00f6postiosoitteesi (pakollinen):<br \/>\n    <span class=\"wpcf7-form-control-wrap your-email\"><input type=\"email\" name=\"your-email\" value=\"\" size=\"40\" class=\"wpcf7-form-control wpcf7-text wpcf7-email wpcf7-validates-as-required wpcf7-validates-as-email\" aria-required=\"true\" aria-invalid=\"false\" \/><\/span> <\/p>\n<p>Aihe:<br \/>\n    <span class=\"wpcf7-form-control-wrap your-subject\"><input type=\"text\" name=\"your-subject\" value=\"\" size=\"40\" class=\"wpcf7-form-control wpcf7-text\" aria-invalid=\"false\" \/><\/span> <\/p>\n<p>Viesti:<br \/>\n    <span class=\"wpcf7-form-control-wrap your-message\"><textarea name=\"your-message\" cols=\"40\" rows=\"10\" class=\"wpcf7-form-control wpcf7-textarea\" aria-invalid=\"false\"><\/textarea><\/span> <\/p>\n<p>L\u00e4hett\u00e4\u00e4ksesi viestin, kirjoita alla n\u00e4kyv\u00e4 teksti tyhj\u00e4\u00e4n kentt\u00e4\u00e4n ja paina L\u00e4het\u00e4-painiketta:<\/p>\n<p>    <input type=\"hidden\" name=\"_wpcf7_captcha_challenge_captcha-574\" value=\"1164649236\" \/><img class=\"wpcf7-form-control wpcf7-captchac wpcf7-captcha-captcha-574\" width=\"72\" height=\"24\" alt=\"captcha\" src=\"http:\/\/avecan.fi\/wp\/wp-content\/uploads\/wpcf7_captcha\/1164649236.png\" \/> <span class=\"wpcf7-form-control-wrap captcha-574\"><input type=\"text\" name=\"captcha-574\" value=\"\" size=\"40\" class=\"wpcf7-form-control wpcf7-captchar\" autocomplete=\"off\" aria-invalid=\"false\" \/><\/span><\/p>\n<p><input type=\"submit\" value=\"L\u00e4het\u00e4\" class=\"wpcf7-form-control wpcf7-submit\" \/><\/p>\n<div class=\"wpcf7-response-output\" aria-hidden=\"true\"><\/div><\/form><\/div>\n","protected":false},"excerpt":{"rendered":"<p>&nbsp; Postiosoite: Tmi Avecan Erkki Kivinen Jenseninkatu 27 C 16 33610 Tampere &nbsp; S\u00e4hk\u00f6posti: info (at) avecan.fi &nbsp; YHTEYDENOTTOLOMAKE<\/p>\n<p> <a class=\"continue-reading-link\" href=\"http:\/\/avecan.fi\/wp\/?page_id=24\"><span>Continue reading<\/span><i class=\"crycon-right-dir\"><\/i><\/a> <\/p>\n","protected":false},"author":1,"featured_media":0,"parent":0,"menu_order":0,"comment_status":"closed","ping_status":"open","template":"","meta":[],"yoast_head":"<!-- This site is optimized with the Yoast SEO plugin v15.7 - https:\/\/yoast.com\/wordpress\/plugins\/seo\/ -->\n<title>OTA YHTEYTT\u00c4 - Avecan<\/title>\n<meta name=\"robots\" content=\"index, follow, max-snippet:-1, max-image-preview:large, max-video-preview:-1\" \/>\n<link rel=\"canonical\" href=\"http:\/\/avecan.fi\/wp\/?page_id=24\" \/>\n<meta property=\"og:locale\" content=\"fi_FI\" \/>\n<meta property=\"og:type\" content=\"article\" \/>\n<meta property=\"og:title\" content=\"OTA YHTEYTT\u00c4 - Avecan\" \/>\n<meta property=\"og:description\" content=\"&nbsp; Postiosoite: Tmi Avecan Erkki Kivinen Jenseninkatu 27 C 16 33610 Tampere &nbsp; S\u00e4hk\u00f6posti: info (at) avecan.fi &nbsp; YHTEYDENOTTOLOMAKE Continue reading\" \/>\n<meta property=\"og:url\" content=\"http:\/\/avecan.fi\/wp\/?page_id=24\" \/>\n<meta property=\"og:site_name\" content=\"Avecan\" \/>\n<meta property=\"article:modified_time\" content=\"2015-08-10T08:59:14+00:00\" \/>\n<meta name=\"twitter:card\" content=\"summary\" \/>\n<script type=\"application\/ld+json\" class=\"yoast-schema-graph\">{\"@context\":\"https:\/\/schema.org\",\"@graph\":[{\"@type\":\"WebSite\",\"@id\":\"http:\/\/avecan.fi\/wp\/#website\",\"url\":\"http:\/\/avecan.fi\/wp\/\",\"name\":\"Avecan\",\"description\":\"Kirjoja musiikin opiskelijoille\",\"potentialAction\":[{\"@type\":\"SearchAction\",\"target\":\"http:\/\/avecan.fi\/wp\/?s={search_term_string}\",\"query-input\":\"required name=search_term_string\"}],\"inLanguage\":\"fi\"},{\"@type\":\"WebPage\",\"@id\":\"http:\/\/avecan.fi\/wp\/?page_id=24#webpage\",\"url\":\"http:\/\/avecan.fi\/wp\/?page_id=24\",\"name\":\"OTA YHTEYTT\\u00c4 - Avecan\",\"isPartOf\":{\"@id\":\"http:\/\/avecan.fi\/wp\/#website\"},\"datePublished\":\"2015-08-04T16:44:13+00:00\",\"dateModified\":\"2015-08-10T08:59:14+00:00\",\"inLanguage\":\"fi\",\"potentialAction\":[{\"@type\":\"ReadAction\",\"target\":[\"http:\/\/avecan.fi\/wp\/?page_id=24\"]}]}]}<\/script>\n<!-- \/ Yoast SEO plugin. -->","_links":{"self":[{"href":"http:\/\/avecan.fi\/wp\/index.php?rest_route=\/wp\/v2\/pages\/24"}],"collection":[{"href":"http:\/\/avecan.fi\/wp\/index.php?rest_route=\/wp\/v2\/pages"}],"about":[{"href":"http:\/\/avecan.fi\/wp\/index.php?rest_route=\/wp\/v2\/types\/page"}],"author":[{"embeddable":true,"href":"http:\/\/avecan.fi\/wp\/index.php?rest_route=\/wp\/v2\/users\/1"}],"replies":[{"embeddable":true,"href":"http:\/\/avecan.fi\/wp\/index.php?rest_route=%2Fwp%2Fv2%2Fcomments&post=24"}],"version-history":[{"count":16,"href":"http:\/\/avecan.fi\/wp\/index.php?rest_route=\/wp\/v2\/pages\/24\/revisions"}],"predecessor-version":[{"id":142,"href":"http:\/\/avecan.fi\/wp\/index.php?rest_route=\/wp\/v2\/pages\/24\/revisions\/142"}],"wp:attachment":[{"href":"http:\/\/avecan.fi\/wp\/index.php?rest_route=%2Fwp%2Fv2%2Fmedia&parent=24"}],"curies":[{"name":"wp","href":"https:\/\/api.w.org\/{rel}","templated":true}]}}