{"id":78,"date":"2015-08-08T10:50:19","date_gmt":"2015-08-08T07:50:19","guid":{"rendered":"http:\/\/avecan.fi\/wp\/?page_id=78"},"modified":"2016-04-18T20:40:53","modified_gmt":"2016-04-18T17:40:53","slug":"kirja-1","status":"publish","type":"page","link":"http:\/\/avecan.fi\/wp\/?page_id=78","title":{"rendered":"Kirja 1"},"content":{"rendered":"<p><img loading=\"lazy\" class=\" size-medium wp-image-105 alignleft\" src=\"http:\/\/avecan.fi\/wp\/wp-content\/uploads\/2015\/08\/Kirja-1-Etukansi-212x300.jpg\" alt=\"Kirja 1 Etukansi\" width=\"212\" height=\"300\" srcset=\"http:\/\/avecan.fi\/wp\/wp-content\/uploads\/2015\/08\/Kirja-1-Etukansi-212x300.jpg 212w, http:\/\/avecan.fi\/wp\/wp-content\/uploads\/2015\/08\/Kirja-1-Etukansi-723x1024.jpg 723w, http:\/\/avecan.fi\/wp\/wp-content\/uploads\/2015\/08\/Kirja-1-Etukansi-106x150.jpg 106w\" sizes=\"(max-width: 212px) 100vw, 212px\" \/><strong>Kalevi Hampinen &#8211; Musiikkia laulaen ja kirjoittaen 1<\/strong><\/p>\n<p>Kirjaa 1 on t\u00e4ydennetty lis\u00e4\u00e4m\u00e4ll\u00e4 siihen soittoharjoituksia kosketinsoittimille. Nuotinluvun harjoittaminen instrumentilla varmistaa opittujen asioiden omaksumista. Kirjassa on esimerkkej\u00e4 ja niiden sovelluksia k\u00e4yt\u00e4nn\u00f6n musisointiin. Kirjan nuotinnusta, layout-kuvaa\u00a0 on uusittu lukemisen helpottamiseksi.<br \/>\nNuottiviivastoja on suurennettu teht\u00e4v\u00e4osissa kirjoittamisen helpottamiseksi.<\/p>\n<p><span style=\"color: #ff0000;\"><a style=\"color: #ff0000;\" href=\"http:\/\/avecan.fi\/wp\/wp-content\/uploads\/2016\/04\/Kirja_1_Nayte.pdf\" target=\"_blank\">Sivun\u00e4yte<\/a><\/span><\/p>\n<p>ISBN 9789527138007<\/p>\n<p><a href=\"http:\/\/avecan.fi\/wp\/?page_id=20\">Takaisin<\/a><\/p>\n","protected":false},"excerpt":{"rendered":"<p>Kalevi Hampinen &#8211; Musiikkia laulaen ja kirjoittaen 1 Kirjaa 1 on t\u00e4ydennetty lis\u00e4\u00e4m\u00e4ll\u00e4 siihen soittoharjoituksia kosketinsoittimille. Nuotinluvun harjoittaminen instrumentilla varmistaa opittujen asioiden omaksumista. Kirjassa on esimerkkej\u00e4 ja niiden sovelluksia k\u00e4yt\u00e4nn\u00f6n musisointiin. Kirjan nuotinnusta, layout-kuvaa\u00a0 on uusittu lukemisen helpottamiseksi. Nuottiviivastoja on suurennettu teht\u00e4v\u00e4osissa kirjoittamisen helpottamiseksi. Sivun\u00e4yte ISBN 9789527138007 Takaisin<\/p>\n<p> <a class=\"continue-reading-link\" href=\"http:\/\/avecan.fi\/wp\/?page_id=78\"><span>Continue reading<\/span><i class=\"crycon-right-dir\"><\/i><\/a> <\/p>\n","protected":false},"author":1,"featured_media":0,"parent":20,"menu_order":0,"comment_status":"closed","ping_status":"open","template":"","meta":[],"yoast_head":"<!-- This site is optimized with the Yoast SEO plugin v15.7 - https:\/\/yoast.com\/wordpress\/plugins\/seo\/ -->\n<title>Musiikkia laulaen ja kirjoittaen 1 ISBN 9789527138007<\/title>\n<meta name=\"description\" content=\"Avecan Kalevi Hampinen Musiikkia laulaen ja kirjoittaen 1 ISBN 9789527138007\" \/>\n<meta name=\"robots\" content=\"index, follow, max-snippet:-1, max-image-preview:large, max-video-preview:-1\" \/>\n<link rel=\"canonical\" href=\"http:\/\/avecan.fi\/wp\/?page_id=78\" \/>\n<meta property=\"og:locale\" content=\"fi_FI\" \/>\n<meta property=\"og:type\" content=\"article\" \/>\n<meta property=\"og:title\" content=\"Musiikkia laulaen ja kirjoittaen 1 ISBN 9789527138007\" \/>\n<meta property=\"og:description\" content=\"Avecan Kalevi Hampinen Musiikkia laulaen ja kirjoittaen 1 ISBN 9789527138007\" \/>\n<meta property=\"og:url\" content=\"http:\/\/avecan.fi\/wp\/?page_id=78\" \/>\n<meta property=\"og:site_name\" content=\"Avecan\" \/>\n<meta property=\"article:modified_time\" content=\"2016-04-18T17:40:53+00:00\" \/>\n<meta property=\"og:image\" content=\"http:\/\/avecan.fi\/wp\/wp-content\/uploads\/2015\/08\/Kirja-1-Etukansi-212x300.jpg\" \/>\n<meta name=\"twitter:card\" content=\"summary\" \/>\n<script type=\"application\/ld+json\" class=\"yoast-schema-graph\">{\"@context\":\"https:\/\/schema.org\",\"@graph\":[{\"@type\":\"WebSite\",\"@id\":\"http:\/\/avecan.fi\/wp\/#website\",\"url\":\"http:\/\/avecan.fi\/wp\/\",\"name\":\"Avecan\",\"description\":\"Kirjoja musiikin opiskelijoille\",\"potentialAction\":[{\"@type\":\"SearchAction\",\"target\":\"http:\/\/avecan.fi\/wp\/?s={search_term_string}\",\"query-input\":\"required name=search_term_string\"}],\"inLanguage\":\"fi\"},{\"@type\":\"ImageObject\",\"@id\":\"http:\/\/avecan.fi\/wp\/?page_id=78#primaryimage\",\"inLanguage\":\"fi\",\"url\":\"http:\/\/avecan.fi\/wp\/wp-content\/uploads\/2015\/08\/Kirja-1-Etukansi.jpg\",\"width\":2464,\"height\":3488},{\"@type\":\"WebPage\",\"@id\":\"http:\/\/avecan.fi\/wp\/?page_id=78#webpage\",\"url\":\"http:\/\/avecan.fi\/wp\/?page_id=78\",\"name\":\"Musiikkia laulaen ja kirjoittaen 1 ISBN 9789527138007\",\"isPartOf\":{\"@id\":\"http:\/\/avecan.fi\/wp\/#website\"},\"primaryImageOfPage\":{\"@id\":\"http:\/\/avecan.fi\/wp\/?page_id=78#primaryimage\"},\"datePublished\":\"2015-08-08T07:50:19+00:00\",\"dateModified\":\"2016-04-18T17:40:53+00:00\",\"description\":\"Avecan Kalevi Hampinen Musiikkia laulaen ja kirjoittaen 1 ISBN 9789527138007\",\"inLanguage\":\"fi\",\"potentialAction\":[{\"@type\":\"ReadAction\",\"target\":[\"http:\/\/avecan.fi\/wp\/?page_id=78\"]}]}]}<\/script>\n<!-- \/ Yoast SEO plugin. -->","_links":{"self":[{"href":"http:\/\/avecan.fi\/wp\/index.php?rest_route=\/wp\/v2\/pages\/78"}],"collection":[{"href":"http:\/\/avecan.fi\/wp\/index.php?rest_route=\/wp\/v2\/pages"}],"about":[{"href":"http:\/\/avecan.fi\/wp\/index.php?rest_route=\/wp\/v2\/types\/page"}],"author":[{"embeddable":true,"href":"http:\/\/avecan.fi\/wp\/index.php?rest_route=\/wp\/v2\/users\/1"}],"replies":[{"embeddable":true,"href":"http:\/\/avecan.fi\/wp\/index.php?rest_route=%2Fwp%2Fv2%2Fcomments&post=78"}],"version-history":[{"count":21,"href":"http:\/\/avecan.fi\/wp\/index.php?rest_route=\/wp\/v2\/pages\/78\/revisions"}],"predecessor-version":[{"id":222,"href":"http:\/\/avecan.fi\/wp\/index.php?rest_route=\/wp\/v2\/pages\/78\/revisions\/222"}],"up":[{"embeddable":true,"href":"http:\/\/avecan.fi\/wp\/index.php?rest_route=\/wp\/v2\/pages\/20"}],"wp:attachment":[{"href":"http:\/\/avecan.fi\/wp\/index.php?rest_route=%2Fwp%2Fv2%2Fmedia&parent=78"}],"curies":[{"name":"wp","href":"https:\/\/api.w.org\/{rel}","templated":true}]}}