{"id":80,"date":"2015-08-08T10:50:49","date_gmt":"2015-08-08T07:50:49","guid":{"rendered":"http:\/\/avecan.fi\/wp\/?page_id=80"},"modified":"2016-04-18T20:40:19","modified_gmt":"2016-04-18T17:40:19","slug":"kirja-2","status":"publish","type":"page","link":"http:\/\/avecan.fi\/wp\/?page_id=80","title":{"rendered":"Kirja 2"},"content":{"rendered":"<p><img loading=\"lazy\" class=\" size-medium wp-image-106 alignleft\" src=\"http:\/\/avecan.fi\/wp\/wp-content\/uploads\/2015\/08\/Kirja-2-Etukansi-216x300.jpg\" alt=\"Kirja 2 Etukansi\" width=\"216\" height=\"300\" srcset=\"http:\/\/avecan.fi\/wp\/wp-content\/uploads\/2015\/08\/Kirja-2-Etukansi-216x300.jpg 216w, http:\/\/avecan.fi\/wp\/wp-content\/uploads\/2015\/08\/Kirja-2-Etukansi-738x1024.jpg 738w, http:\/\/avecan.fi\/wp\/wp-content\/uploads\/2015\/08\/Kirja-2-Etukansi-108x150.jpg 108w\" sizes=\"(max-width: 216px) 100vw, 216px\" \/><strong>Kalevi Hampinen &#8211; Musiikkia laulaen ja kirjoittaen 2<\/strong><br \/>\nToinen osa noudattaa samoja periaatteita kuin kirja 1, tason vaikeutuessa. Melodioihin on lis\u00e4tty kitaran soinnut otetaulukko- eli tabulatuuriottein. Kirjassa on harjoitusohjeita sek\u00e4 soittomalleja.<\/p>\n<p>Kitaran soinnut toimivat l\u00e4hinn\u00e4 itsen\u00e4isen harjoittelun periaatteella, eiv\u00e4tk\u00e4 liity varsinaisesti oppimateriaalin sis\u00e4lt\u00f6\u00f6n.<\/p>\n<p><span style=\"color: #ff0000;\"><a style=\"color: #ff0000;\" href=\"http:\/\/avecan.fi\/wp\/wp-content\/uploads\/2016\/04\/Kirja_2_Nayte.pdf\" target=\"_blank\">Sivun\u00e4yte<\/a><\/span><\/p>\n<p>ISBN 9789527138106<\/p>\n<p>&nbsp;<\/p>\n<p><a href=\"http:\/\/avecan.fi\/wp\/?page_id=20\">Takaisin<\/a><\/p>\n","protected":false},"excerpt":{"rendered":"<p>Kalevi Hampinen &#8211; Musiikkia laulaen ja kirjoittaen 2 Toinen osa noudattaa samoja periaatteita kuin kirja 1, tason vaikeutuessa. Melodioihin on lis\u00e4tty kitaran soinnut otetaulukko- eli tabulatuuriottein. Kirjassa on harjoitusohjeita sek\u00e4 soittomalleja. Kitaran soinnut toimivat l\u00e4hinn\u00e4 itsen\u00e4isen harjoittelun periaatteella, eiv\u00e4tk\u00e4 liity varsinaisesti oppimateriaalin sis\u00e4lt\u00f6\u00f6n. Sivun\u00e4yte ISBN 9789527138106 &nbsp; Takaisin<\/p>\n<p> <a class=\"continue-reading-link\" href=\"http:\/\/avecan.fi\/wp\/?page_id=80\"><span>Continue reading<\/span><i class=\"crycon-right-dir\"><\/i><\/a> <\/p>\n","protected":false},"author":1,"featured_media":0,"parent":20,"menu_order":0,"comment_status":"closed","ping_status":"open","template":"","meta":[],"yoast_head":"<!-- This site is optimized with the Yoast SEO plugin v15.7 - https:\/\/yoast.com\/wordpress\/plugins\/seo\/ -->\n<title>Avecan Kalevi Hampinen Musiikkia laulaen ja kirjoittaen 2<\/title>\n<meta name=\"description\" content=\"Avecan Kalevi Hampinen Musiikkia laulaen ja kirjoittaen 2 ISBN 9789527138106\" \/>\n<meta name=\"robots\" content=\"index, follow, max-snippet:-1, max-image-preview:large, max-video-preview:-1\" \/>\n<link rel=\"canonical\" href=\"http:\/\/avecan.fi\/wp\/?page_id=80\" \/>\n<meta property=\"og:locale\" content=\"fi_FI\" \/>\n<meta property=\"og:type\" content=\"article\" \/>\n<meta property=\"og:title\" content=\"Avecan Kalevi Hampinen Musiikkia laulaen ja kirjoittaen 2\" \/>\n<meta property=\"og:description\" content=\"Avecan Kalevi Hampinen Musiikkia laulaen ja kirjoittaen 2 ISBN 9789527138106\" \/>\n<meta property=\"og:url\" content=\"http:\/\/avecan.fi\/wp\/?page_id=80\" \/>\n<meta property=\"og:site_name\" content=\"Avecan\" \/>\n<meta property=\"article:modified_time\" content=\"2016-04-18T17:40:19+00:00\" \/>\n<meta property=\"og:image\" content=\"http:\/\/avecan.fi\/wp\/wp-content\/uploads\/2015\/08\/Kirja-2-Etukansi-216x300.jpg\" \/>\n<meta name=\"twitter:card\" content=\"summary\" \/>\n<script type=\"application\/ld+json\" class=\"yoast-schema-graph\">{\"@context\":\"https:\/\/schema.org\",\"@graph\":[{\"@type\":\"WebSite\",\"@id\":\"http:\/\/avecan.fi\/wp\/#website\",\"url\":\"http:\/\/avecan.fi\/wp\/\",\"name\":\"Avecan\",\"description\":\"Kirjoja musiikin opiskelijoille\",\"potentialAction\":[{\"@type\":\"SearchAction\",\"target\":\"http:\/\/avecan.fi\/wp\/?s={search_term_string}\",\"query-input\":\"required name=search_term_string\"}],\"inLanguage\":\"fi\"},{\"@type\":\"ImageObject\",\"@id\":\"http:\/\/avecan.fi\/wp\/?page_id=80#primaryimage\",\"inLanguage\":\"fi\",\"url\":\"http:\/\/avecan.fi\/wp\/wp-content\/uploads\/2015\/08\/Kirja-2-Etukansi.jpg\",\"width\":2655,\"height\":3683},{\"@type\":\"WebPage\",\"@id\":\"http:\/\/avecan.fi\/wp\/?page_id=80#webpage\",\"url\":\"http:\/\/avecan.fi\/wp\/?page_id=80\",\"name\":\"Avecan Kalevi Hampinen Musiikkia laulaen ja kirjoittaen 2\",\"isPartOf\":{\"@id\":\"http:\/\/avecan.fi\/wp\/#website\"},\"primaryImageOfPage\":{\"@id\":\"http:\/\/avecan.fi\/wp\/?page_id=80#primaryimage\"},\"datePublished\":\"2015-08-08T07:50:49+00:00\",\"dateModified\":\"2016-04-18T17:40:19+00:00\",\"description\":\"Avecan Kalevi Hampinen Musiikkia laulaen ja kirjoittaen 2 ISBN 9789527138106\",\"inLanguage\":\"fi\",\"potentialAction\":[{\"@type\":\"ReadAction\",\"target\":[\"http:\/\/avecan.fi\/wp\/?page_id=80\"]}]}]}<\/script>\n<!-- \/ Yoast SEO plugin. -->","_links":{"self":[{"href":"http:\/\/avecan.fi\/wp\/index.php?rest_route=\/wp\/v2\/pages\/80"}],"collection":[{"href":"http:\/\/avecan.fi\/wp\/index.php?rest_route=\/wp\/v2\/pages"}],"about":[{"href":"http:\/\/avecan.fi\/wp\/index.php?rest_route=\/wp\/v2\/types\/page"}],"author":[{"embeddable":true,"href":"http:\/\/avecan.fi\/wp\/index.php?rest_route=\/wp\/v2\/users\/1"}],"replies":[{"embeddable":true,"href":"http:\/\/avecan.fi\/wp\/index.php?rest_route=%2Fwp%2Fv2%2Fcomments&post=80"}],"version-history":[{"count":16,"href":"http:\/\/avecan.fi\/wp\/index.php?rest_route=\/wp\/v2\/pages\/80\/revisions"}],"predecessor-version":[{"id":221,"href":"http:\/\/avecan.fi\/wp\/index.php?rest_route=\/wp\/v2\/pages\/80\/revisions\/221"}],"up":[{"embeddable":true,"href":"http:\/\/avecan.fi\/wp\/index.php?rest_route=\/wp\/v2\/pages\/20"}],"wp:attachment":[{"href":"http:\/\/avecan.fi\/wp\/index.php?rest_route=%2Fwp%2Fv2%2Fmedia&parent=80"}],"curies":[{"name":"wp","href":"https:\/\/api.w.org\/{rel}","templated":true}]}}