{"id":82,"date":"2015-08-08T10:51:05","date_gmt":"2015-08-08T07:51:05","guid":{"rendered":"http:\/\/avecan.fi\/wp\/?page_id=82"},"modified":"2016-04-18T20:39:46","modified_gmt":"2016-04-18T17:39:46","slug":"kirja-3","status":"publish","type":"page","link":"http:\/\/avecan.fi\/wp\/?page_id=82","title":{"rendered":"Kirja 3"},"content":{"rendered":"<p><img loading=\"lazy\" class=\" size-medium wp-image-101 alignleft\" src=\"http:\/\/avecan.fi\/wp\/wp-content\/uploads\/2015\/08\/Kirja-3-Etukansi-212x300.jpg\" alt=\"Kirja 3 Etukansi\" width=\"212\" height=\"300\" srcset=\"http:\/\/avecan.fi\/wp\/wp-content\/uploads\/2015\/08\/Kirja-3-Etukansi-212x300.jpg 212w, http:\/\/avecan.fi\/wp\/wp-content\/uploads\/2015\/08\/Kirja-3-Etukansi-725x1024.jpg 725w, http:\/\/avecan.fi\/wp\/wp-content\/uploads\/2015\/08\/Kirja-3-Etukansi-106x150.jpg 106w\" sizes=\"(max-width: 212px) 100vw, 212px\" \/><\/p>\n<p><strong>Kalevi Hampinen &#8211; Musiikkia laulaen ja kirjoittaen 3<\/strong><br \/>\nKolmas osa on uusittu 2013 ja suositamme uuden painoksen k\u00e4ytt\u00f6\u00e4 edellisten sijaan.<\/p>\n<p>S\u00e4veltapailu<\/p>\n<p>S\u00e4veltapailun esimerkit ovat kauttaaltaan el\u00e4v\u00e4st\u00e4 musiikista poimittuja.<br \/>\nReaalisointumerkinn\u00e4t on kirjoitettu Skandinavian tyylin mukaisesti : B=H ja B=Bb.<br \/>\nAstemerkint\u00f6j\u00e4 k\u00e4ytet\u00e4\u00e4n rinnakkain reaalisointumerkkien kanssa.<br \/>\nMusiikin terminologiaa on painotettu esitystempon osalta.<br \/>\nIntervallihypyt on merkitty s\u00e4veltapailuosiossa.<br \/>\nDynamiikkamerkint\u00f6j\u00e4 (\u00e4\u00e4nen voimakkuutta) on lis\u00e4tty.<br \/>\nS\u00e4veltapailumelodioita harjoitellaan intervalli kerrallaan.<br \/>\nT\u00e4rkeimm\u00e4t sointutehot I-IV-V-V7, I-II-V-V7 jne k\u00e4yd\u00e4\u00e4n l\u00e4pi duurissa sek\u00e4 mollissa.<br \/>\nOhjelmistosivusto kattaa eri tyylikausia.<br \/>\nSivujen layout on uusittu paremmin luettavaan muotoon.<\/p>\n<p>&nbsp;<\/p>\n<p>Rytmiosasto<br \/>\nEri rytmit on j\u00e4sennelty selke\u00e4mmin.<br \/>\nPienoismuodot, s\u00e4e, s\u00e4epari ja lauseke sis\u00e4ltyv\u00e4t kirjaan harjoituksineen.<br \/>\nMusiikkisanastoa on t\u00e4ydennetty: s\u00e4velvoimakkuuden merkinn\u00e4t, tempomerkinn\u00e4t lis\u00e4m\u00e4\u00e4rityksineen sek\u00e4 esitystapaan liittyvi\u00e4 termej\u00e4.<\/p>\n<p>Teoriaosasto<\/p>\n<p>Kertausteht\u00e4v\u00e4osasto.<br \/>\n\u201dMusiikin teorian sovelluksia el\u00e4v\u00e4\u00e4n musiikkiin\u201d asioita on t\u00e4ydennetty lis\u00e4sivuilla.<br \/>\nSointuanalyysiharjoituksia l\u00f6ytyy my\u00f6s neli\u00e4\u00e4nisesti toteutettuna.<br \/>\nHarmonian l. sointujen osuutta on painotettu my\u00f6s melodiseen suuntaan.<br \/>\nHajas\u00e4velet k\u00e4sitell\u00e4\u00e4n sointuun kuulumattomina s\u00e4velin\u00e4 ja niihin annetaan my\u00f6s analyysin yleism\u00e4\u00e4ritelmi\u00e4.<br \/>\nLopuksi opiskelija voi musisoida omia melodioita (s\u00e4vellyksi\u00e4) annettujen sointujen pohjalta ja omaksua \u00e4\u00e4nenkuljetuksen yleiset linjat.<\/p>\n<p><span style=\"color: #ff0000;\"><a style=\"color: #ff0000;\" href=\"http:\/\/avecan.fi\/wp\/wp-content\/uploads\/2016\/04\/Kirja_3_Nayte.pdf\" target=\"_blank\">Sivun\u00e4yte<\/a><\/span><\/p>\n<p>ISBN 9789527138205<\/p>\n<p><a href=\"http:\/\/avecan.fi\/wp\/?page_id=20\">Takaisin<\/a><\/p>\n","protected":false},"excerpt":{"rendered":"<p>Kalevi Hampinen &#8211; Musiikkia laulaen ja kirjoittaen 3 Kolmas osa on uusittu 2013 ja suositamme uuden painoksen k\u00e4ytt\u00f6\u00e4 edellisten sijaan. S\u00e4veltapailu S\u00e4veltapailun esimerkit ovat kauttaaltaan el\u00e4v\u00e4st\u00e4 musiikista poimittuja. Reaalisointumerkinn\u00e4t on kirjoitettu Skandinavian tyylin mukaisesti : B=H ja B=Bb. Astemerkint\u00f6j\u00e4 k\u00e4ytet\u00e4\u00e4n rinnakkain reaalisointumerkkien kanssa. Musiikin terminologiaa on painotettu esitystempon osalta. Intervallihypyt\u2026<\/p>\n<p> <a class=\"continue-reading-link\" href=\"http:\/\/avecan.fi\/wp\/?page_id=82\"><span>Continue reading<\/span><i class=\"crycon-right-dir\"><\/i><\/a> <\/p>\n","protected":false},"author":1,"featured_media":0,"parent":20,"menu_order":0,"comment_status":"closed","ping_status":"open","template":"","meta":[],"yoast_head":"<!-- This site is optimized with the Yoast SEO plugin v15.7 - https:\/\/yoast.com\/wordpress\/plugins\/seo\/ -->\n<title>Avecan Kalevi Hampinen Musiikkia laulaen ja kirjoittaen 3<\/title>\n<meta name=\"description\" content=\"Avecan Kalevi Hampinen Musiikkia laulaen ja kirjoittaen 3 ISBN 9789527138205\" \/>\n<meta name=\"robots\" content=\"index, follow, max-snippet:-1, max-image-preview:large, max-video-preview:-1\" \/>\n<link rel=\"canonical\" href=\"http:\/\/avecan.fi\/wp\/?page_id=82\" \/>\n<meta property=\"og:locale\" content=\"fi_FI\" \/>\n<meta property=\"og:type\" content=\"article\" \/>\n<meta property=\"og:title\" content=\"Avecan Kalevi Hampinen Musiikkia laulaen ja kirjoittaen 3\" \/>\n<meta property=\"og:description\" content=\"Avecan Kalevi Hampinen Musiikkia laulaen ja kirjoittaen 3 ISBN 9789527138205\" \/>\n<meta property=\"og:url\" content=\"http:\/\/avecan.fi\/wp\/?page_id=82\" \/>\n<meta property=\"og:site_name\" content=\"Avecan\" \/>\n<meta property=\"article:modified_time\" content=\"2016-04-18T17:39:46+00:00\" \/>\n<meta property=\"og:image\" content=\"http:\/\/avecan.fi\/wp\/wp-content\/uploads\/2015\/08\/Kirja-3-Etukansi-212x300.jpg\" \/>\n<meta name=\"twitter:card\" content=\"summary\" \/>\n<meta name=\"twitter:label1\" content=\"Est. reading time\">\n\t<meta name=\"twitter:data1\" content=\"1 minuutti\">\n<script type=\"application\/ld+json\" class=\"yoast-schema-graph\">{\"@context\":\"https:\/\/schema.org\",\"@graph\":[{\"@type\":\"WebSite\",\"@id\":\"http:\/\/avecan.fi\/wp\/#website\",\"url\":\"http:\/\/avecan.fi\/wp\/\",\"name\":\"Avecan\",\"description\":\"Kirjoja musiikin opiskelijoille\",\"potentialAction\":[{\"@type\":\"SearchAction\",\"target\":\"http:\/\/avecan.fi\/wp\/?s={search_term_string}\",\"query-input\":\"required name=search_term_string\"}],\"inLanguage\":\"fi\"},{\"@type\":\"ImageObject\",\"@id\":\"http:\/\/avecan.fi\/wp\/?page_id=82#primaryimage\",\"inLanguage\":\"fi\",\"url\":\"http:\/\/avecan.fi\/wp\/wp-content\/uploads\/2015\/08\/Kirja-3-Etukansi.jpg\",\"width\":2477,\"height\":3500},{\"@type\":\"WebPage\",\"@id\":\"http:\/\/avecan.fi\/wp\/?page_id=82#webpage\",\"url\":\"http:\/\/avecan.fi\/wp\/?page_id=82\",\"name\":\"Avecan Kalevi Hampinen Musiikkia laulaen ja kirjoittaen 3\",\"isPartOf\":{\"@id\":\"http:\/\/avecan.fi\/wp\/#website\"},\"primaryImageOfPage\":{\"@id\":\"http:\/\/avecan.fi\/wp\/?page_id=82#primaryimage\"},\"datePublished\":\"2015-08-08T07:51:05+00:00\",\"dateModified\":\"2016-04-18T17:39:46+00:00\",\"description\":\"Avecan Kalevi Hampinen Musiikkia laulaen ja kirjoittaen 3 ISBN 9789527138205\",\"inLanguage\":\"fi\",\"potentialAction\":[{\"@type\":\"ReadAction\",\"target\":[\"http:\/\/avecan.fi\/wp\/?page_id=82\"]}]}]}<\/script>\n<!-- \/ Yoast SEO plugin. -->","_links":{"self":[{"href":"http:\/\/avecan.fi\/wp\/index.php?rest_route=\/wp\/v2\/pages\/82"}],"collection":[{"href":"http:\/\/avecan.fi\/wp\/index.php?rest_route=\/wp\/v2\/pages"}],"about":[{"href":"http:\/\/avecan.fi\/wp\/index.php?rest_route=\/wp\/v2\/types\/page"}],"author":[{"embeddable":true,"href":"http:\/\/avecan.fi\/wp\/index.php?rest_route=\/wp\/v2\/users\/1"}],"replies":[{"embeddable":true,"href":"http:\/\/avecan.fi\/wp\/index.php?rest_route=%2Fwp%2Fv2%2Fcomments&post=82"}],"version-history":[{"count":16,"href":"http:\/\/avecan.fi\/wp\/index.php?rest_route=\/wp\/v2\/pages\/82\/revisions"}],"predecessor-version":[{"id":220,"href":"http:\/\/avecan.fi\/wp\/index.php?rest_route=\/wp\/v2\/pages\/82\/revisions\/220"}],"up":[{"embeddable":true,"href":"http:\/\/avecan.fi\/wp\/index.php?rest_route=\/wp\/v2\/pages\/20"}],"wp:attachment":[{"href":"http:\/\/avecan.fi\/wp\/index.php?rest_route=%2Fwp%2Fv2%2Fmedia&parent=82"}],"curies":[{"name":"wp","href":"https:\/\/api.w.org\/{rel}","templated":true}]}}