{"id":84,"date":"2015-08-08T10:51:20","date_gmt":"2015-08-08T07:51:20","guid":{"rendered":"http:\/\/avecan.fi\/wp\/?page_id=84"},"modified":"2015-09-02T22:37:53","modified_gmt":"2015-09-02T19:37:53","slug":"kirja-4","status":"publish","type":"page","link":"http:\/\/avecan.fi\/wp\/?page_id=84","title":{"rendered":"Kirja 4"},"content":{"rendered":"<p><img loading=\"lazy\" class=\" size-medium wp-image-102 alignleft\" src=\"http:\/\/avecan.fi\/wp\/wp-content\/uploads\/2015\/08\/Kirja-4-Etukansi-212x300.jpg\" alt=\"Kirja 4 Etukansi\" width=\"212\" height=\"300\" srcset=\"http:\/\/avecan.fi\/wp\/wp-content\/uploads\/2015\/08\/Kirja-4-Etukansi-212x300.jpg 212w, http:\/\/avecan.fi\/wp\/wp-content\/uploads\/2015\/08\/Kirja-4-Etukansi-725x1024.jpg 725w, http:\/\/avecan.fi\/wp\/wp-content\/uploads\/2015\/08\/Kirja-4-Etukansi-106x150.jpg 106w\" sizes=\"(max-width: 212px) 100vw, 212px\" \/><strong>Kalevi Hampinen- Musiikkia laulaen ja kirjoittaen 4 -S\u00e4veltapailu 1<\/strong><br \/>\nT\u00e4m\u00e4 teos on tarkoitettu l\u00e4hinn\u00e4 musiikkioppilaitosten musiikkiopistotason s\u00e4veltapailu I opiskeluun.<br \/>\nTeos sis\u00e4lt\u00e4\u00e4 kattavan m\u00e4\u00e4r\u00e4n ohjelmistoa: s\u00e4veltapailu I tason lauluohjelmistoa (primavista), kadenssikuunteluteht\u00e4vi\u00e4, rytmiteht\u00e4vi\u00e4, joista saa hyv\u00e4n pohjan my\u00f6s jatkossa harmoniaopin ja sovittamisen opinnoille.<\/p>\n<p>ISBN 9789527138<\/p>\n<p><a href=\"http:\/\/avecan.fi\/wp\/?page_id=20\">Takaisin<\/a><\/p>\n","protected":false},"excerpt":{"rendered":"<p>Kalevi Hampinen- Musiikkia laulaen ja kirjoittaen 4 -S\u00e4veltapailu 1 T\u00e4m\u00e4 teos on tarkoitettu l\u00e4hinn\u00e4 musiikkioppilaitosten musiikkiopistotason s\u00e4veltapailu I opiskeluun. Teos sis\u00e4lt\u00e4\u00e4 kattavan m\u00e4\u00e4r\u00e4n ohjelmistoa: s\u00e4veltapailu I tason lauluohjelmistoa (primavista), kadenssikuunteluteht\u00e4vi\u00e4, rytmiteht\u00e4vi\u00e4, joista saa hyv\u00e4n pohjan my\u00f6s jatkossa harmoniaopin ja sovittamisen opinnoille. ISBN 9789527138 Takaisin<\/p>\n<p> <a class=\"continue-reading-link\" href=\"http:\/\/avecan.fi\/wp\/?page_id=84\"><span>Continue reading<\/span><i class=\"crycon-right-dir\"><\/i><\/a> <\/p>\n","protected":false},"author":1,"featured_media":0,"parent":20,"menu_order":0,"comment_status":"closed","ping_status":"open","template":"","meta":[],"yoast_head":"<!-- This site is optimized with the Yoast SEO plugin v15.7 - https:\/\/yoast.com\/wordpress\/plugins\/seo\/ -->\n<title>Avecan Kalevi Hampinen Musiikkia laulaen ja kirjoittaen 4<\/title>\n<meta name=\"description\" content=\"Avecan Kalevi Hampinen Musiikkia laulaen ja kirjoittaen 4 - S\u00e4veltapailu I ISBN 9789526780849\" \/>\n<meta name=\"robots\" content=\"index, follow, max-snippet:-1, max-image-preview:large, max-video-preview:-1\" \/>\n<link rel=\"canonical\" href=\"http:\/\/avecan.fi\/wp\/?page_id=84\" \/>\n<meta property=\"og:locale\" content=\"fi_FI\" \/>\n<meta property=\"og:type\" content=\"article\" \/>\n<meta property=\"og:title\" content=\"Avecan Kalevi Hampinen Musiikkia laulaen ja kirjoittaen 4\" \/>\n<meta property=\"og:description\" content=\"Avecan Kalevi Hampinen Musiikkia laulaen ja kirjoittaen 4 - S\u00e4veltapailu I ISBN 9789526780849\" \/>\n<meta property=\"og:url\" content=\"http:\/\/avecan.fi\/wp\/?page_id=84\" \/>\n<meta property=\"og:site_name\" content=\"Avecan\" \/>\n<meta property=\"article:modified_time\" content=\"2015-09-02T19:37:53+00:00\" \/>\n<meta property=\"og:image\" content=\"http:\/\/avecan.fi\/wp\/wp-content\/uploads\/2015\/08\/Kirja-4-Etukansi-212x300.jpg\" \/>\n<meta name=\"twitter:card\" content=\"summary\" \/>\n<script type=\"application\/ld+json\" class=\"yoast-schema-graph\">{\"@context\":\"https:\/\/schema.org\",\"@graph\":[{\"@type\":\"WebSite\",\"@id\":\"http:\/\/avecan.fi\/wp\/#website\",\"url\":\"http:\/\/avecan.fi\/wp\/\",\"name\":\"Avecan\",\"description\":\"Kirjoja musiikin opiskelijoille\",\"potentialAction\":[{\"@type\":\"SearchAction\",\"target\":\"http:\/\/avecan.fi\/wp\/?s={search_term_string}\",\"query-input\":\"required name=search_term_string\"}],\"inLanguage\":\"fi\"},{\"@type\":\"ImageObject\",\"@id\":\"http:\/\/avecan.fi\/wp\/?page_id=84#primaryimage\",\"inLanguage\":\"fi\",\"url\":\"http:\/\/avecan.fi\/wp\/wp-content\/uploads\/2015\/08\/Kirja-4-Etukansi.jpg\",\"width\":2477,\"height\":3500},{\"@type\":\"WebPage\",\"@id\":\"http:\/\/avecan.fi\/wp\/?page_id=84#webpage\",\"url\":\"http:\/\/avecan.fi\/wp\/?page_id=84\",\"name\":\"Avecan Kalevi Hampinen Musiikkia laulaen ja kirjoittaen 4\",\"isPartOf\":{\"@id\":\"http:\/\/avecan.fi\/wp\/#website\"},\"primaryImageOfPage\":{\"@id\":\"http:\/\/avecan.fi\/wp\/?page_id=84#primaryimage\"},\"datePublished\":\"2015-08-08T07:51:20+00:00\",\"dateModified\":\"2015-09-02T19:37:53+00:00\",\"description\":\"Avecan Kalevi Hampinen Musiikkia laulaen ja kirjoittaen 4 - S\\u00e4veltapailu I ISBN 9789526780849\",\"inLanguage\":\"fi\",\"potentialAction\":[{\"@type\":\"ReadAction\",\"target\":[\"http:\/\/avecan.fi\/wp\/?page_id=84\"]}]}]}<\/script>\n<!-- \/ Yoast SEO plugin. -->","_links":{"self":[{"href":"http:\/\/avecan.fi\/wp\/index.php?rest_route=\/wp\/v2\/pages\/84"}],"collection":[{"href":"http:\/\/avecan.fi\/wp\/index.php?rest_route=\/wp\/v2\/pages"}],"about":[{"href":"http:\/\/avecan.fi\/wp\/index.php?rest_route=\/wp\/v2\/types\/page"}],"author":[{"embeddable":true,"href":"http:\/\/avecan.fi\/wp\/index.php?rest_route=\/wp\/v2\/users\/1"}],"replies":[{"embeddable":true,"href":"http:\/\/avecan.fi\/wp\/index.php?rest_route=%2Fwp%2Fv2%2Fcomments&post=84"}],"version-history":[{"count":14,"href":"http:\/\/avecan.fi\/wp\/index.php?rest_route=\/wp\/v2\/pages\/84\/revisions"}],"predecessor-version":[{"id":202,"href":"http:\/\/avecan.fi\/wp\/index.php?rest_route=\/wp\/v2\/pages\/84\/revisions\/202"}],"up":[{"embeddable":true,"href":"http:\/\/avecan.fi\/wp\/index.php?rest_route=\/wp\/v2\/pages\/20"}],"wp:attachment":[{"href":"http:\/\/avecan.fi\/wp\/index.php?rest_route=%2Fwp%2Fv2%2Fmedia&parent=84"}],"curies":[{"name":"wp","href":"https:\/\/api.w.org\/{rel}","templated":true}]}}