{"id":86,"date":"2015-08-08T10:51:37","date_gmt":"2015-08-08T07:51:37","guid":{"rendered":"http:\/\/avecan.fi\/wp\/?page_id=86"},"modified":"2015-09-02T16:03:10","modified_gmt":"2015-09-02T13:03:10","slug":"kirja-5","status":"publish","type":"page","link":"http:\/\/avecan.fi\/wp\/?page_id=86","title":{"rendered":"Kirja 5"},"content":{"rendered":"<p><img loading=\"lazy\" class=\" size-medium wp-image-103 alignleft\" src=\"http:\/\/avecan.fi\/wp\/wp-content\/uploads\/2015\/08\/Kirja-5-Etukansi-212x300.jpg\" alt=\"Kirja 5 Etukansi\" width=\"212\" height=\"300\" srcset=\"http:\/\/avecan.fi\/wp\/wp-content\/uploads\/2015\/08\/Kirja-5-Etukansi-212x300.jpg 212w, http:\/\/avecan.fi\/wp\/wp-content\/uploads\/2015\/08\/Kirja-5-Etukansi-725x1024.jpg 725w, http:\/\/avecan.fi\/wp\/wp-content\/uploads\/2015\/08\/Kirja-5-Etukansi-106x150.jpg 106w\" sizes=\"(max-width: 212px) 100vw, 212px\" \/><strong>Kalevi Hampinen &#8211; Musiikkia vapaasti kitaralla<\/strong><\/p>\n<p>Kirjan teht\u00e4vien suunnittelussa on otettu huomioon soveltuvuus sek\u00e4 sormi- ett\u00e4 plektratekniikalle.<br \/>\nAlkusivut sis\u00e4lt\u00e4v\u00e4t nuottimerkinn\u00e4t sek\u00e4 tabulatuuri- eli otetaulukkomerkinn\u00e4t. S\u00e4estysrytmi on my\u00f6s merkitty.<br \/>\nEl\u00e4vyytt\u00e4 opittuihin sointuihin on saatu s\u00e4velt\u00e4m\u00e4ll\u00e4 kuhunkin osa-alueeseen sopivia melodioita, joita opiskelija voi itsen\u00e4isesti soittaa ja n\u00e4in kontrolloida sointujen hallintaa.<br \/>\nAlkuvaiheessa luodaan pohjaa improvisoinnille harjoittelemalla asteikkoja sek\u00e4 kolmisoinnun k\u00e4\u00e4nn\u00f6ksi\u00e4.<br \/>\nSointuteht\u00e4vi\u00e4 on runsaasti tukien k\u00e4yt\u00e4nt\u00f6\u00f6n soveltamista.<br \/>\nOpittavat asiat kuten soinnutus, intervallien purkaukset jne. k\u00e4sitell\u00e4\u00e4n esimerkkien ja harjoitusten avulla.<br \/>\nMelodian rakenteen helpottamiseksi on kirjassa k\u00e4sitelty my\u00f6s esimerkiksi kansanlauluissa ja populaarimusiikissa esiintyv\u00e4 rinnakkaiss\u00e4velharmonia.<br \/>\nUudet soinnut k\u00e4sitell\u00e4\u00e4n asteittain ja n\u00e4in valmistetaan perusharmonian ymm\u00e4rt\u00e4minen. Sointujen ja rytmiikan lis\u00e4ksi kertausmerkit hyppyineen on k\u00e4sitelty. Pienoismuodot (s\u00e4e, lauseke, sikerm\u00e4) esimerkit melodioineen sis\u00e4ltyv\u00e4t kirjan opiskelumateriaaliin.<br \/>\nKitara on jo sin\u00e4ll\u00e4\u00e4n kuin pieni orkesteri ja instrumenttina eritt\u00e4in monipuolinen tarjoten useita mahdollisuuksia. Alustava tutustuminen sovittamiseen ja vapaaseen s\u00e4estykseen ovat osa t\u00e4m\u00e4n kirjan sis\u00e4lt\u00f6\u00e4.<br \/>\nVapaasti Kitaralla kirjan lopussa on tabulatuuri &#8211; otetaulukko, josta l\u00f6ytyv\u00e4t yleisimm\u00e4t soinnut kaikkiin s\u00e4vellajeihin. My\u00f6s laajemmat sointurakenteet ovat notaatio- ja tabulatuurisivuilla.<\/p>\n<p>Mukaan on liitetty my\u00f6s musiikin teoriaan sis\u00e4ltyv\u00e4 osio, jossa k\u00e4yd\u00e4\u00e4n l\u00e4pi perusasioita musiikin vapaan ilmaisun helpottamiseksi.<\/p>\n<p>ISBN 9789526780832<\/p>\n<p><a href=\"http:\/\/avecan.fi\/wp\/?page_id=20\">Takaisin<\/a><\/p>\n","protected":false},"excerpt":{"rendered":"<p>Kalevi Hampinen &#8211; Musiikkia vapaasti kitaralla Kirjan teht\u00e4vien suunnittelussa on otettu huomioon soveltuvuus sek\u00e4 sormi- ett\u00e4 plektratekniikalle. Alkusivut sis\u00e4lt\u00e4v\u00e4t nuottimerkinn\u00e4t sek\u00e4 tabulatuuri- eli otetaulukkomerkinn\u00e4t. S\u00e4estysrytmi on my\u00f6s merkitty. El\u00e4vyytt\u00e4 opittuihin sointuihin on saatu s\u00e4velt\u00e4m\u00e4ll\u00e4 kuhunkin osa-alueeseen sopivia melodioita, joita opiskelija voi itsen\u00e4isesti soittaa ja n\u00e4in kontrolloida sointujen hallintaa. Alkuvaiheessa luodaan\u2026<\/p>\n<p> <a class=\"continue-reading-link\" href=\"http:\/\/avecan.fi\/wp\/?page_id=86\"><span>Continue reading<\/span><i class=\"crycon-right-dir\"><\/i><\/a> <\/p>\n","protected":false},"author":1,"featured_media":0,"parent":20,"menu_order":0,"comment_status":"closed","ping_status":"open","template":"","meta":[],"yoast_head":"<!-- This site is optimized with the Yoast SEO plugin v15.7 - https:\/\/yoast.com\/wordpress\/plugins\/seo\/ -->\n<title>Avecan Kalevi Hampinen Musiikkia vapaasti kitaralla<\/title>\n<meta name=\"description\" content=\"Avecan Kalevi Hampinen Musiikkia vapaasti kitaralla ISBN 9789526780832\" \/>\n<meta name=\"robots\" content=\"index, follow, max-snippet:-1, max-image-preview:large, max-video-preview:-1\" \/>\n<link rel=\"canonical\" href=\"http:\/\/avecan.fi\/wp\/?page_id=86\" \/>\n<meta property=\"og:locale\" content=\"fi_FI\" \/>\n<meta property=\"og:type\" content=\"article\" \/>\n<meta property=\"og:title\" content=\"Avecan Kalevi Hampinen Musiikkia vapaasti kitaralla\" \/>\n<meta property=\"og:description\" content=\"Avecan Kalevi Hampinen Musiikkia vapaasti kitaralla ISBN 9789526780832\" \/>\n<meta property=\"og:url\" content=\"http:\/\/avecan.fi\/wp\/?page_id=86\" \/>\n<meta property=\"og:site_name\" content=\"Avecan\" \/>\n<meta property=\"article:modified_time\" content=\"2015-09-02T13:03:10+00:00\" \/>\n<meta property=\"og:image\" content=\"http:\/\/avecan.fi\/wp\/wp-content\/uploads\/2015\/08\/Kirja-5-Etukansi-212x300.jpg\" \/>\n<meta name=\"twitter:card\" content=\"summary\" \/>\n<meta name=\"twitter:label1\" content=\"Est. reading time\">\n\t<meta name=\"twitter:data1\" content=\"1 minuutti\">\n<script type=\"application\/ld+json\" class=\"yoast-schema-graph\">{\"@context\":\"https:\/\/schema.org\",\"@graph\":[{\"@type\":\"WebSite\",\"@id\":\"http:\/\/avecan.fi\/wp\/#website\",\"url\":\"http:\/\/avecan.fi\/wp\/\",\"name\":\"Avecan\",\"description\":\"Kirjoja musiikin opiskelijoille\",\"potentialAction\":[{\"@type\":\"SearchAction\",\"target\":\"http:\/\/avecan.fi\/wp\/?s={search_term_string}\",\"query-input\":\"required name=search_term_string\"}],\"inLanguage\":\"fi\"},{\"@type\":\"ImageObject\",\"@id\":\"http:\/\/avecan.fi\/wp\/?page_id=86#primaryimage\",\"inLanguage\":\"fi\",\"url\":\"http:\/\/avecan.fi\/wp\/wp-content\/uploads\/2015\/08\/Kirja-5-Etukansi.jpg\",\"width\":2477,\"height\":3500},{\"@type\":\"WebPage\",\"@id\":\"http:\/\/avecan.fi\/wp\/?page_id=86#webpage\",\"url\":\"http:\/\/avecan.fi\/wp\/?page_id=86\",\"name\":\"Avecan Kalevi Hampinen Musiikkia vapaasti kitaralla\",\"isPartOf\":{\"@id\":\"http:\/\/avecan.fi\/wp\/#website\"},\"primaryImageOfPage\":{\"@id\":\"http:\/\/avecan.fi\/wp\/?page_id=86#primaryimage\"},\"datePublished\":\"2015-08-08T07:51:37+00:00\",\"dateModified\":\"2015-09-02T13:03:10+00:00\",\"description\":\"Avecan Kalevi Hampinen Musiikkia vapaasti kitaralla ISBN 9789526780832\",\"inLanguage\":\"fi\",\"potentialAction\":[{\"@type\":\"ReadAction\",\"target\":[\"http:\/\/avecan.fi\/wp\/?page_id=86\"]}]}]}<\/script>\n<!-- \/ Yoast SEO plugin. -->","_links":{"self":[{"href":"http:\/\/avecan.fi\/wp\/index.php?rest_route=\/wp\/v2\/pages\/86"}],"collection":[{"href":"http:\/\/avecan.fi\/wp\/index.php?rest_route=\/wp\/v2\/pages"}],"about":[{"href":"http:\/\/avecan.fi\/wp\/index.php?rest_route=\/wp\/v2\/types\/page"}],"author":[{"embeddable":true,"href":"http:\/\/avecan.fi\/wp\/index.php?rest_route=\/wp\/v2\/users\/1"}],"replies":[{"embeddable":true,"href":"http:\/\/avecan.fi\/wp\/index.php?rest_route=%2Fwp%2Fv2%2Fcomments&post=86"}],"version-history":[{"count":13,"href":"http:\/\/avecan.fi\/wp\/index.php?rest_route=\/wp\/v2\/pages\/86\/revisions"}],"predecessor-version":[{"id":185,"href":"http:\/\/avecan.fi\/wp\/index.php?rest_route=\/wp\/v2\/pages\/86\/revisions\/185"}],"up":[{"embeddable":true,"href":"http:\/\/avecan.fi\/wp\/index.php?rest_route=\/wp\/v2\/pages\/20"}],"wp:attachment":[{"href":"http:\/\/avecan.fi\/wp\/index.php?rest_route=%2Fwp%2Fv2%2Fmedia&parent=86"}],"curies":[{"name":"wp","href":"https:\/\/api.w.org\/{rel}","templated":true}]}}