{"id":88,"date":"2015-08-08T10:51:54","date_gmt":"2015-08-08T07:51:54","guid":{"rendered":"http:\/\/avecan.fi\/wp\/?page_id=88"},"modified":"2015-09-02T16:18:32","modified_gmt":"2015-09-02T13:18:32","slug":"kirja-6","status":"publish","type":"page","link":"http:\/\/avecan.fi\/wp\/?page_id=88","title":{"rendered":"Kirja 6"},"content":{"rendered":"<p><img loading=\"lazy\" class=\" size-medium wp-image-104 alignleft\" src=\"http:\/\/avecan.fi\/wp\/wp-content\/uploads\/2015\/08\/Kirja-6-Etukansi-212x300.jpg\" alt=\"Kirja 6 Etukansi\" width=\"212\" height=\"300\" srcset=\"http:\/\/avecan.fi\/wp\/wp-content\/uploads\/2015\/08\/Kirja-6-Etukansi-212x300.jpg 212w, http:\/\/avecan.fi\/wp\/wp-content\/uploads\/2015\/08\/Kirja-6-Etukansi-725x1024.jpg 725w, http:\/\/avecan.fi\/wp\/wp-content\/uploads\/2015\/08\/Kirja-6-Etukansi-106x150.jpg 106w\" sizes=\"(max-width: 212px) 100vw, 212px\" \/><\/p>\n<p><strong>Tie Musiikin Teoriaan El\u00e4vin Esimerkein<\/strong><br \/>\nT\u00e4m\u00e4n teoksen ajatuksena on antaa pohja nuottien, intervallien ja harmonian ymm\u00e4rt\u00e4miseen.<br \/>\nKirja avaa ymm\u00e4rt\u00e4m\u00e4\u00e4n monia musiikin teorian ongelmia \u201dEl\u00e4vin esimerkein\u201d, kuten kirjan nimikin kertoo.<br \/>\nC-avainten k\u00e4ytt\u00f6\u00e4 voi opiskella t\u00e4m\u00e4n kirjan avulla. Alttoviulistit, sellistit ja jotkut puhaltajat lukevat nuotteja C-avaimilla. C-avainten tuntemus ja k\u00e4ytt\u00f6 on hy\u00f6dyllist\u00e4 aivojumppaa my\u00f6s instrumentista riippumatta.<br \/>\nTie Musiikkiin El\u00e4vin Esimerkein kirjassa opetussivujen lis\u00e4ksi on my\u00f6s teht\u00e4v\u00e4sivut, joiden avulla voi kontrolloida omaa oppimistaan. T\u00e4st\u00e4 l\u00e4ht\u00f6kohdasta k\u00e4sin kirja soveltuu my\u00f6s musiikkia itsen\u00e4isesti opiskeleville.<\/p>\n<p>&nbsp;<\/p>\n<p>ISBN 9789526780856<\/p>\n<p><a href=\"http:\/\/avecan.fi\/wp\/?page_id=20\">Takaisin<\/a><\/p>\n","protected":false},"excerpt":{"rendered":"<p>Tie Musiikin Teoriaan El\u00e4vin Esimerkein T\u00e4m\u00e4n teoksen ajatuksena on antaa pohja nuottien, intervallien ja harmonian ymm\u00e4rt\u00e4miseen. Kirja avaa ymm\u00e4rt\u00e4m\u00e4\u00e4n monia musiikin teorian ongelmia \u201dEl\u00e4vin esimerkein\u201d, kuten kirjan nimikin kertoo. C-avainten k\u00e4ytt\u00f6\u00e4 voi opiskella t\u00e4m\u00e4n kirjan avulla. Alttoviulistit, sellistit ja jotkut puhaltajat lukevat nuotteja C-avaimilla. C-avainten tuntemus ja k\u00e4ytt\u00f6 on hy\u00f6dyllist\u00e4\u2026<\/p>\n<p> <a class=\"continue-reading-link\" href=\"http:\/\/avecan.fi\/wp\/?page_id=88\"><span>Continue reading<\/span><i class=\"crycon-right-dir\"><\/i><\/a> <\/p>\n","protected":false},"author":1,"featured_media":0,"parent":20,"menu_order":0,"comment_status":"closed","ping_status":"open","template":"","meta":[],"yoast_head":"<!-- This site is optimized with the Yoast SEO plugin v15.7 - https:\/\/yoast.com\/wordpress\/plugins\/seo\/ -->\n<title>Avecan Kalevi Hampinen Tie musiikin teoriaan el\u00e4vin<\/title>\n<meta name=\"description\" content=\"Avecan Kalevi Hampinen Tie musiikin teoriaan el\u00e4vin esimerkein ISBN 9789526780856\" \/>\n<meta name=\"robots\" content=\"index, follow, max-snippet:-1, max-image-preview:large, max-video-preview:-1\" \/>\n<link rel=\"canonical\" href=\"http:\/\/avecan.fi\/wp\/?page_id=88\" \/>\n<meta property=\"og:locale\" content=\"fi_FI\" \/>\n<meta property=\"og:type\" content=\"article\" \/>\n<meta property=\"og:title\" content=\"Avecan Kalevi Hampinen Tie musiikin teoriaan el\u00e4vin\" \/>\n<meta property=\"og:description\" content=\"Avecan Kalevi Hampinen Tie musiikin teoriaan el\u00e4vin esimerkein ISBN 9789526780856\" \/>\n<meta property=\"og:url\" content=\"http:\/\/avecan.fi\/wp\/?page_id=88\" \/>\n<meta property=\"og:site_name\" content=\"Avecan\" \/>\n<meta property=\"article:modified_time\" content=\"2015-09-02T13:18:32+00:00\" \/>\n<meta property=\"og:image\" content=\"http:\/\/avecan.fi\/wp\/wp-content\/uploads\/2015\/08\/Kirja-6-Etukansi-212x300.jpg\" \/>\n<meta name=\"twitter:card\" content=\"summary\" \/>\n<meta name=\"twitter:label1\" content=\"Est. reading time\">\n\t<meta name=\"twitter:data1\" content=\"1 minuutti\">\n<script type=\"application\/ld+json\" class=\"yoast-schema-graph\">{\"@context\":\"https:\/\/schema.org\",\"@graph\":[{\"@type\":\"WebSite\",\"@id\":\"http:\/\/avecan.fi\/wp\/#website\",\"url\":\"http:\/\/avecan.fi\/wp\/\",\"name\":\"Avecan\",\"description\":\"Kirjoja musiikin opiskelijoille\",\"potentialAction\":[{\"@type\":\"SearchAction\",\"target\":\"http:\/\/avecan.fi\/wp\/?s={search_term_string}\",\"query-input\":\"required name=search_term_string\"}],\"inLanguage\":\"fi\"},{\"@type\":\"ImageObject\",\"@id\":\"http:\/\/avecan.fi\/wp\/?page_id=88#primaryimage\",\"inLanguage\":\"fi\",\"url\":\"http:\/\/avecan.fi\/wp\/wp-content\/uploads\/2015\/08\/Kirja-6-Etukansi.jpg\",\"width\":2477,\"height\":3500},{\"@type\":\"WebPage\",\"@id\":\"http:\/\/avecan.fi\/wp\/?page_id=88#webpage\",\"url\":\"http:\/\/avecan.fi\/wp\/?page_id=88\",\"name\":\"Avecan Kalevi Hampinen Tie musiikin teoriaan el\\u00e4vin\",\"isPartOf\":{\"@id\":\"http:\/\/avecan.fi\/wp\/#website\"},\"primaryImageOfPage\":{\"@id\":\"http:\/\/avecan.fi\/wp\/?page_id=88#primaryimage\"},\"datePublished\":\"2015-08-08T07:51:54+00:00\",\"dateModified\":\"2015-09-02T13:18:32+00:00\",\"description\":\"Avecan Kalevi Hampinen Tie musiikin teoriaan el\\u00e4vin esimerkein ISBN 9789526780856\",\"inLanguage\":\"fi\",\"potentialAction\":[{\"@type\":\"ReadAction\",\"target\":[\"http:\/\/avecan.fi\/wp\/?page_id=88\"]}]}]}<\/script>\n<!-- \/ Yoast SEO plugin. -->","_links":{"self":[{"href":"http:\/\/avecan.fi\/wp\/index.php?rest_route=\/wp\/v2\/pages\/88"}],"collection":[{"href":"http:\/\/avecan.fi\/wp\/index.php?rest_route=\/wp\/v2\/pages"}],"about":[{"href":"http:\/\/avecan.fi\/wp\/index.php?rest_route=\/wp\/v2\/types\/page"}],"author":[{"embeddable":true,"href":"http:\/\/avecan.fi\/wp\/index.php?rest_route=\/wp\/v2\/users\/1"}],"replies":[{"embeddable":true,"href":"http:\/\/avecan.fi\/wp\/index.php?rest_route=%2Fwp%2Fv2%2Fcomments&post=88"}],"version-history":[{"count":10,"href":"http:\/\/avecan.fi\/wp\/index.php?rest_route=\/wp\/v2\/pages\/88\/revisions"}],"predecessor-version":[{"id":193,"href":"http:\/\/avecan.fi\/wp\/index.php?rest_route=\/wp\/v2\/pages\/88\/revisions\/193"}],"up":[{"embeddable":true,"href":"http:\/\/avecan.fi\/wp\/index.php?rest_route=\/wp\/v2\/pages\/20"}],"wp:attachment":[{"href":"http:\/\/avecan.fi\/wp\/index.php?rest_route=%2Fwp%2Fv2%2Fmedia&parent=88"}],"curies":[{"name":"wp","href":"https:\/\/api.w.org\/{rel}","templated":true}]}}