{"id":90,"date":"2015-08-08T10:52:14","date_gmt":"2015-08-08T07:52:14","guid":{"rendered":"http:\/\/avecan.fi\/wp\/?page_id=90"},"modified":"2016-04-18T20:39:14","modified_gmt":"2016-04-18T17:39:14","slug":"kirja-7","status":"publish","type":"page","link":"http:\/\/avecan.fi\/wp\/?page_id=90","title":{"rendered":"Kirja 7"},"content":{"rendered":"<p><img loading=\"lazy\" class=\" size-medium wp-image-122 alignleft\" src=\"http:\/\/avecan.fi\/wp\/wp-content\/uploads\/2015\/08\/Kirja-7-Etukansi-300x214.jpg\" alt=\"Kirja 7 Etukansi\" width=\"300\" height=\"214\" srcset=\"http:\/\/avecan.fi\/wp\/wp-content\/uploads\/2015\/08\/Kirja-7-Etukansi-300x214.jpg 300w, http:\/\/avecan.fi\/wp\/wp-content\/uploads\/2015\/08\/Kirja-7-Etukansi-1024x730.jpg 1024w, http:\/\/avecan.fi\/wp\/wp-content\/uploads\/2015\/08\/Kirja-7-Etukansi-210x150.jpg 210w, http:\/\/avecan.fi\/wp\/wp-content\/uploads\/2015\/08\/Kirja-7-Etukansi-150x107.jpg 150w\" sizes=\"(max-width: 300px) 100vw, 300px\" \/><strong><span style=\"color: #ff0000;\">UUTUUS!<\/span> Kalevi Hampinen &#8211; Musiikin perusteita pianoa soittaen<\/strong><\/p>\n<p>T\u00e4m\u00e4n kirjan tarkoituksena on opettaa musiikin perusteita pianolla sek\u00e4 antaa valmiuksia soiton opiskeluun.<br \/>\nTeorian ymm\u00e4rt\u00e4miseen ja k\u00e4yt\u00e4nn\u00f6n soveltamiseen on k\u00e4ytetty apuna kuvaa pianon koskettimistosta. Kirja soveltuu my\u00f6s Musiikkia Laulaen ja Kirjoittaen -kirjasarjan rinnakkaismateriaaliksi opiskeltaessa musiikin perusteita sek\u00e4 opettajan oppaaksi. Kirjaan on lis\u00e4tty my\u00f6s kitaran soinnut tabulatuuriottein.<br \/>\nMusiikkia Laulaen ja Kirjoittaen 1 (ISBN 978-952-7138-00-7) ja 2 (ISBN 978-952-7138-1 0-6) on p\u00e4ivitetty 2015. Kirjat (1,2, ja 3) toimivat itsen\u00e4isesti ja tarvittaessa tukevat uuden kirjan k\u00e4ytt\u00f6\u00e4 sek\u00e4 soveltuvat pianonsoiton opettajille oheismateriaaliksi.<br \/>\nKirja on vaaka A4-kokoinen, Wire \u2013 O sidottu ja 80-sivuinen. Kirjassa on laadukkaat kansainv\u00e4lisesti menestyneen taiteilijan suunnittelemat kannet.<\/p>\n<p><span style=\"color: #ff0000;\"><a style=\"color: #ff0000;\" href=\"http:\/\/avecan.fi\/wp\/wp-content\/uploads\/2016\/04\/Kirja_7_Nayte.pdf\" target=\"_blank\">Sivun\u00e4yte<\/a><\/span><\/p>\n<p>ISBN 9789527138700<\/p>\n<p><a href=\"http:\/\/avecan.fi\/wp\/?page_id=20\">Takaisin<\/a><\/p>\n","protected":false},"excerpt":{"rendered":"<p>UUTUUS! Kalevi Hampinen &#8211; Musiikin perusteita pianoa soittaen T\u00e4m\u00e4n kirjan tarkoituksena on opettaa musiikin perusteita pianolla sek\u00e4 antaa valmiuksia soiton opiskeluun. Teorian ymm\u00e4rt\u00e4miseen ja k\u00e4yt\u00e4nn\u00f6n soveltamiseen on k\u00e4ytetty apuna kuvaa pianon koskettimistosta. Kirja soveltuu my\u00f6s Musiikkia Laulaen ja Kirjoittaen -kirjasarjan rinnakkaismateriaaliksi opiskeltaessa musiikin perusteita sek\u00e4 opettajan oppaaksi. Kirjaan on lis\u00e4tty\u2026<\/p>\n<p> <a class=\"continue-reading-link\" href=\"http:\/\/avecan.fi\/wp\/?page_id=90\"><span>Continue reading<\/span><i class=\"crycon-right-dir\"><\/i><\/a> <\/p>\n","protected":false},"author":1,"featured_media":0,"parent":20,"menu_order":0,"comment_status":"closed","ping_status":"open","template":"","meta":[],"yoast_head":"<!-- This site is optimized with the Yoast SEO plugin v15.7 - https:\/\/yoast.com\/wordpress\/plugins\/seo\/ -->\n<title>Avecan Kalevi Hampinen Musiikin perusteita pianoa<\/title>\n<meta name=\"description\" content=\"Avecan Kalevi Hampinen Musiikin perusteita pianoa soittaen ISBN 9789527138700\" \/>\n<meta name=\"robots\" content=\"index, follow, max-snippet:-1, max-image-preview:large, max-video-preview:-1\" \/>\n<link rel=\"canonical\" href=\"http:\/\/avecan.fi\/wp\/?page_id=90\" \/>\n<meta property=\"og:locale\" content=\"fi_FI\" \/>\n<meta property=\"og:type\" content=\"article\" \/>\n<meta property=\"og:title\" content=\"Avecan Kalevi Hampinen Musiikin perusteita pianoa\" \/>\n<meta property=\"og:description\" content=\"Avecan Kalevi Hampinen Musiikin perusteita pianoa soittaen ISBN 9789527138700\" \/>\n<meta property=\"og:url\" content=\"http:\/\/avecan.fi\/wp\/?page_id=90\" \/>\n<meta property=\"og:site_name\" content=\"Avecan\" \/>\n<meta property=\"article:modified_time\" content=\"2016-04-18T17:39:14+00:00\" \/>\n<meta property=\"og:image\" content=\"http:\/\/avecan.fi\/wp\/wp-content\/uploads\/2015\/08\/Kirja-7-Etukansi-300x214.jpg\" \/>\n<meta name=\"twitter:card\" content=\"summary\" \/>\n<meta name=\"twitter:label1\" content=\"Est. reading time\">\n\t<meta name=\"twitter:data1\" content=\"1 minuutti\">\n<script type=\"application\/ld+json\" class=\"yoast-schema-graph\">{\"@context\":\"https:\/\/schema.org\",\"@graph\":[{\"@type\":\"WebSite\",\"@id\":\"https:\/\/avecan.fi\/wp\/#website\",\"url\":\"https:\/\/avecan.fi\/wp\/\",\"name\":\"Avecan\",\"description\":\"Kirjoja musiikin opiskelijoille\",\"potentialAction\":[{\"@type\":\"SearchAction\",\"target\":\"https:\/\/avecan.fi\/wp\/?s={search_term_string}\",\"query-input\":\"required name=search_term_string\"}],\"inLanguage\":\"fi\"},{\"@type\":\"ImageObject\",\"@id\":\"http:\/\/avecan.fi\/wp\/?page_id=90#primaryimage\",\"inLanguage\":\"fi\",\"url\":\"http:\/\/avecan.fi\/wp\/wp-content\/uploads\/2015\/08\/Kirja-7-Etukansi.jpg\",\"width\":3579,\"height\":2551},{\"@type\":\"WebPage\",\"@id\":\"http:\/\/avecan.fi\/wp\/?page_id=90#webpage\",\"url\":\"http:\/\/avecan.fi\/wp\/?page_id=90\",\"name\":\"Avecan Kalevi Hampinen Musiikin perusteita pianoa\",\"isPartOf\":{\"@id\":\"https:\/\/avecan.fi\/wp\/#website\"},\"primaryImageOfPage\":{\"@id\":\"http:\/\/avecan.fi\/wp\/?page_id=90#primaryimage\"},\"datePublished\":\"2015-08-08T07:52:14+00:00\",\"dateModified\":\"2016-04-18T17:39:14+00:00\",\"description\":\"Avecan Kalevi Hampinen Musiikin perusteita pianoa soittaen ISBN 9789527138700\",\"inLanguage\":\"fi\",\"potentialAction\":[{\"@type\":\"ReadAction\",\"target\":[\"http:\/\/avecan.fi\/wp\/?page_id=90\"]}]}]}<\/script>\n<!-- \/ Yoast SEO plugin. -->","_links":{"self":[{"href":"http:\/\/avecan.fi\/wp\/index.php?rest_route=\/wp\/v2\/pages\/90"}],"collection":[{"href":"http:\/\/avecan.fi\/wp\/index.php?rest_route=\/wp\/v2\/pages"}],"about":[{"href":"http:\/\/avecan.fi\/wp\/index.php?rest_route=\/wp\/v2\/types\/page"}],"author":[{"embeddable":true,"href":"http:\/\/avecan.fi\/wp\/index.php?rest_route=\/wp\/v2\/users\/1"}],"replies":[{"embeddable":true,"href":"http:\/\/avecan.fi\/wp\/index.php?rest_route=%2Fwp%2Fv2%2Fcomments&post=90"}],"version-history":[{"count":16,"href":"http:\/\/avecan.fi\/wp\/index.php?rest_route=\/wp\/v2\/pages\/90\/revisions"}],"predecessor-version":[{"id":219,"href":"http:\/\/avecan.fi\/wp\/index.php?rest_route=\/wp\/v2\/pages\/90\/revisions\/219"}],"up":[{"embeddable":true,"href":"http:\/\/avecan.fi\/wp\/index.php?rest_route=\/wp\/v2\/pages\/20"}],"wp:attachment":[{"href":"http:\/\/avecan.fi\/wp\/index.php?rest_route=%2Fwp%2Fv2%2Fmedia&parent=90"}],"curies":[{"name":"wp","href":"https:\/\/api.w.org\/{rel}","templated":true}]}}